{"id":12463,"date":"2015-02-09T15:30:33","date_gmt":"2015-02-09T15:30:33","guid":{"rendered":"https:\/\/www.icaib.org\/?page_id=12463"},"modified":"2025-03-21T11:41:27","modified_gmt":"2025-03-21T10:41:27","slug":"legislacion-y-jurisprudencia","status":"publish","type":"page","link":"https:\/\/www.icaib.org\/ca\/col%c2%b7legiats\/legislacion-y-jurisprudencia\/","title":{"rendered":"Legislaci\u00f3 i Jurisprud\u00e8ncia"},"content":{"rendered":"<p><div class=\"fusion-fullwidth fullwidth-box fusion-builder-row-1 nonhundred-percent-fullwidth non-hundred-percent-height-scrolling\" style=\"--awb-background-position:left top;--awb-border-sizes-top:0px;--awb-border-sizes-bottom:0px;--awb-border-sizes-left:0px;--awb-border-sizes-right:0px;--awb-border-color:#e5e4e4;--awb-border-radius-top-left:0px;--awb-border-radius-top-right:0px;--awb-border-radius-bottom-right:0px;--awb-border-radius-bottom-left:0px;--awb-padding-top:20px;--awb-padding-right:0px;--awb-padding-bottom:15px;--awb-padding-left:0px;--awb-flex-wrap:wrap;\" ><div class=\"fusion-builder-row fusion-row\"><div class=\"fusion-layout-column fusion_builder_column fusion-builder-column-0 fusion_builder_column_1_1 1_1 fusion-one-full fusion-column-first fusion-column-last fusion-column-no-min-height\" style=\"--awb-bg-blend:overlay;--awb-bg-size:cover;--awb-margin-bottom:0px;\"><div class=\"fusion-column-wrapper fusion-flex-column-wrapper-legacy\"><div class=\"fusion-text fusion-text-1\"><h1 class=\"titular\">Legislaci\u00f3 i Jurisprud\u00e8ncia<\/h1>\n<\/div><div class=\"fusion-clearfix\"><\/div><\/div><\/div><\/div><\/div><div class=\"fusion-fullwidth fullwidth-box fusion-builder-row-2 nonhundred-percent-fullwidth non-hundred-percent-height-scrolling\" style=\"--awb-border-radius-top-left:0px;--awb-border-radius-top-right:0px;--awb-border-radius-bottom-right:0px;--awb-border-radius-bottom-left:0px;--awb-flex-wrap:wrap;\" ><div class=\"fusion-builder-row fusion-row\"><div class=\"fusion-layout-column fusion_builder_column fusion-builder-column-1 fusion_builder_column_1_1 1_1 fusion-one-full fusion-column-first fusion-column-last\" style=\"--awb-bg-size:cover;\"><div class=\"fusion-column-wrapper fusion-column-has-shadow fusion-flex-column-wrapper-legacy\"><div class=\"fusion-text fusion-text-2\"><p>L&#8217;Il\u00b7lustre Col\u00b7Legi d&#8217;Advocats de les Illes Balears, t\u00e9 signats acords amb diverses editorials perqu\u00e8 els seus col\u00b7legiats puguin accedir de manera gratu\u00efta als continguts de les seves bases de dades.<\/p>\n<p>A continuaci\u00f3 es detallen les bases de dades i els serveis documentals disponibles per a tots els col\u00b7legiats.<\/p>\n<\/div><div class=\"fusion-clearfix\"><\/div><\/div><\/div><div class=\"fusion-layout-column fusion_builder_column fusion-builder-column-2 fusion_builder_column_1_2 1_2 fusion-one-half fusion-column-first\" style=\"--awb-padding-top:10px;--awb-padding-right:10px;--awb-padding-bottom:10px;--awb-padding-left:10px;--awb-bg-color:#e8e8e8;--awb-bg-color-hover:#e8e8e8;--awb-bg-size:cover;width:50%;width:calc(50% - ( ( 4% ) * 0.5 ) );margin-right: 4%;\"><div class=\"fusion-column-wrapper fusion-column-has-shadow fusion-flex-column-wrapper-legacy\"><ul style=\"--awb-line-height:23.8px;--awb-icon-width:23.8px;--awb-icon-height:23.8px;--awb-icon-margin:9.8px;--awb-content-margin:33.6px;--awb-circlecolor:#1a80b6;--awb-circle-yes-font-size:12.32px;\" class=\"fusion-checklist fusion-checklist-1 fusion-checklist-default type-icons\"><li class=\"fusion-li-item\" style=\"\"><span class=\"icon-wrapper circle-yes\"><i class=\"fusion-li-icon fa-database fas\" aria-hidden=\"true\"><\/i><\/span><div class=\"fusion-li-item-content\">\n<p><strong>Tirant on line:<\/strong> \u00e9s una base de dades jur\u00eddica general que integra tota la informaci\u00f3 necess\u00e0ria per a l&#8217;operador jur\u00eddic, cont\u00e9:<\/p>\n<ul>\n<li>Legislaci\u00f3 vigent i consolidada.<\/li>\n<li>Jurisprud\u00e8ncia i Resolucions Administratives.<\/li>\n<li>Formularis, Models i Protocols.<\/li>\n<li>Bibliografia de totes les Editorials.<\/li>\n<li>Consultes.<\/li>\n<li>Esquemes processals i substantius.<\/li>\n<\/ul>\n<p>Els col\u00b7legiats poden accedir a la Nube de Lectura, una plataforma de pr\u00e9stec de llibres electr\u00f2nics. Aquest servei permet la lectura en l\u00ednia -books des de qualsevol dispositiu, facilitant l&#8217;acc\u00e9s a una \u00e0mplia col\u00b7lecci\u00f3 de t\u00edtols jur\u00eddics, de l\u2019editorial Tirant lo Blanch.<\/p>\n<\/div><\/li><li class=\"fusion-li-item\" style=\"\"><span class=\"icon-wrapper circle-yes\"><i class=\"fusion-li-icon fa-database fas\" aria-hidden=\"true\"><\/i><\/span><div class=\"fusion-li-item-content\">\n<p><strong>VLEX<\/strong>: base de dades cont\u00e9 m\u00e9s de 5,7 milions de documents a text complet i m\u00e9s de 50 editorials \/ partners, i inclou totes les sent\u00e8ncies del Tribunal Suprem, de l&#8217;Audi\u00e8ncia Nacional i del Tribunal Constitucional, totes les de l&#8217;Audi\u00e8ncia Provincial i del TSJ de les Illes Balears, aix\u00ed com una \u00e0mplia selecci\u00f3 de la resta dels tribunals.<\/p>\n<p>Aix\u00ed mateix, incorpora eines de gran utilitat, com un traductor jur\u00eddic a diferents idiomes, un cercador intel\u00b7ligent (Google jur\u00eddic) i la possibilitat de personalitzar la base de dades a conveni\u00e8ncia de cadascun.<\/p>\n<\/div><\/li><li class=\"fusion-li-item\" style=\"\"><span class=\"icon-wrapper circle-yes\"><i class=\"fusion-li-icon fa-database fas\" aria-hidden=\"true\"><\/i><\/span><div class=\"fusion-li-item-content\">\n<p><strong>Diari La Llei<\/strong>: butllet\u00ed de not\u00edcies jur\u00eddiques \u201cLa Llei\u201d, que es publica di\u00e0riament i que inclou tamb\u00e9 articles doctrinals.<\/p>\n<\/div><\/li><\/ul><div class=\"fusion-aligncenter\"><a class=\"fusion-button button-flat fusion-button-default-size button-default fusion-button-default button-1 fusion-button-default-span fusion-button-default-type\" target=\"_blank\" rel=\"noopener noreferrer\" href=\"https:\/\/acceso.abogacia.es\/cas\/login?service=https:\/\/www.icaib.com\/col\/biblioteca\/bd\"><i class=\"fa-coins fas awb-button__icon awb-button__icon--default button-icon-left\" aria-hidden=\"true\"><\/i><span class=\"fusion-button-text awb-button__text awb-button__text--default\">\u00c0rea Privada<\/span><\/a><\/div><div class=\"fusion-clearfix\"><\/div><\/div><\/div><div class=\"fusion-layout-column fusion_builder_column fusion-builder-column-3 fusion_builder_column_1_2 1_2 fusion-one-half fusion-column-last\" style=\"--awb-padding-top:10px;--awb-padding-right:10px;--awb-padding-bottom:10px;--awb-padding-left:10px;--awb-bg-color:#e8e8e8;--awb-bg-color-hover:#e8e8e8;--awb-bg-size:cover;width:50%;width:calc(50% - ( ( 4% ) * 0.5 ) );\"><div class=\"fusion-column-wrapper fusion-column-has-shadow fusion-flex-column-wrapper-legacy\"><ul style=\"--awb-line-height:23.8px;--awb-icon-width:23.8px;--awb-icon-height:23.8px;--awb-icon-margin:9.8px;--awb-content-margin:33.6px;--awb-circlecolor:#1a80b6;--awb-circle-yes-font-size:12.32px;\" class=\"fusion-checklist fusion-checklist-2 fusion-checklist-default type-icons\"><li class=\"fusion-li-item\" style=\"\"><span class=\"icon-wrapper circle-yes\"><i class=\"fusion-li-icon fa-book fas\" aria-hidden=\"true\"><\/i><\/span><div class=\"fusion-li-item-content\">\n<p class=\"fusion-responsive-typography-calculated\" data-fontsize=\"18\" data-lineheight=\"27px\"><a href=\"https:\/\/serviciostelematicosext.hacienda.gob.es\/TEAC\/DYCTEA\/\" target=\"_blank\" rel=\"noopener noreferrer\">DYCTEAC<\/a><\/p>\n<\/div><\/li><li class=\"fusion-li-item\" style=\"\"><span class=\"icon-wrapper circle-yes\"><i class=\"fusion-li-icon fa-book fas\" aria-hidden=\"true\"><\/i><\/span><div class=\"fusion-li-item-content\">\n<p><a href=\"http:\/\/www.poderjudicial.es\/search\/indexAN.jsp\" target=\"_blank\" rel=\"noopener noreferrer\"><strong>CENDOJ<\/strong><\/a><\/p>\n<\/div><\/li><li class=\"fusion-li-item\" style=\"\"><span class=\"icon-wrapper circle-yes\"><i class=\"fusion-li-icon fa-book fas\" aria-hidden=\"true\"><\/i><\/span><div class=\"fusion-li-item-content\"><a href=\"https:\/\/www.icaib.org\/ca\/col%c2%b7legiats\/legislacion-y-jurisprudencia\/novedades-legislativas\/\" rel=\"noopener\"><strong>Novetats legislatives<\/strong><\/a><\/div><\/li><li class=\"fusion-li-item\" style=\"\"><span class=\"icon-wrapper circle-yes\"><i class=\"fusion-li-icon fa-book fas\" aria-hidden=\"true\"><\/i><\/span><div class=\"fusion-li-item-content\">\n<p><a href=\"http:\/\/www.caib.es\/sacmicrofront\/contenido.do?mkey=M08092211155013147625&amp;lang=CA&amp;cont=60823\" target=\"_blank\" rel=\"noopener noreferrer\"><strong>Normativa auton\u00f2mica<\/strong><\/a><\/p>\n<\/div><\/li><\/ul><div class=\"fusion-clearfix\"><\/div><\/div><\/div><\/div><\/div><\/p>\n","protected":false},"excerpt":{"rendered":"","protected":false},"author":1,"featured_media":0,"parent":12630,"menu_order":200,"comment_status":"closed","ping_status":"open","template":"","meta":{"footnotes":""},"categories":[],"tags":[],"class_list":["post-12463","page","type-page","status-publish","hentry"],"_links":{"self":[{"href":"https:\/\/www.icaib.org\/ca\/wp-json\/wp\/v2\/pages\/12463","targetHints":{"allow":["GET"]}}],"collection":[{"href":"https:\/\/www.icaib.org\/ca\/wp-json\/wp\/v2\/pages"}],"about":[{"href":"https:\/\/www.icaib.org\/ca\/wp-json\/wp\/v2\/types\/page"}],"author":[{"embeddable":true,"href":"https:\/\/www.icaib.org\/ca\/wp-json\/wp\/v2\/users\/1"}],"replies":[{"embeddable":true,"href":"https:\/\/www.icaib.org\/ca\/wp-json\/wp\/v2\/comments?post=12463"}],"version-history":[{"count":0,"href":"https:\/\/www.icaib.org\/ca\/wp-json\/wp\/v2\/pages\/12463\/revisions"}],"up":[{"embeddable":true,"href":"https:\/\/www.icaib.org\/ca\/wp-json\/wp\/v2\/pages\/12630"}],"wp:attachment":[{"href":"https:\/\/www.icaib.org\/ca\/wp-json\/wp\/v2\/media?parent=12463"}],"wp:term":[{"taxonomy":"category","embeddable":true,"href":"https:\/\/www.icaib.org\/ca\/wp-json\/wp\/v2\/categories?post=12463"},{"taxonomy":"post_tag","embeddable":true,"href":"https:\/\/www.icaib.org\/ca\/wp-json\/wp\/v2\/tags?post=12463"}],"curies":[{"name":"wp","href":"https:\/\/api.w.org\/{rel}","templated":true}]}}