{"id":12570,"date":"2015-10-13T09:16:29","date_gmt":"2015-10-13T07:16:29","guid":{"rendered":"https:\/\/www.icaib.org\/?page_id=12570"},"modified":"2026-01-23T10:38:16","modified_gmt":"2026-01-23T09:38:16","slug":"correu-electronic","status":"publish","type":"page","link":"https:\/\/www.icaib.org\/ca\/correu-electronic\/","title":{"rendered":"Correu electr\u00f2nic"},"content":{"rendered":"<p><div class=\"fusion-fullwidth fullwidth-box fusion-builder-row-1 nonhundred-percent-fullwidth non-hundred-percent-height-scrolling\" style=\"--awb-background-position:left top;--awb-border-sizes-top:0px;--awb-border-sizes-bottom:0px;--awb-border-sizes-left:0px;--awb-border-sizes-right:0px;--awb-border-radius-top-left:0px;--awb-border-radius-top-right:0px;--awb-border-radius-bottom-right:0px;--awb-border-radius-bottom-left:0px;--awb-padding-top:20px;--awb-padding-bottom:20px;--awb-flex-wrap:wrap;\" ><div class=\"fusion-builder-row fusion-row\"><div class=\"fusion-layout-column fusion_builder_column fusion-builder-column-0 fusion_builder_column_1_2 1_2 fusion-one-half fusion-column-first\" style=\"--awb-bg-size:cover;width:48%; margin-right: 4%;\"><div class=\"fusion-column-wrapper fusion-flex-column-wrapper-legacy\"><div class=\"fusion-text fusion-text-1\"><h3 style=\"text-align: center; margin: 0;\"><a href=\"https:\/\/outlook.office365.com\/\" target=\"_blank\" rel=\"noopener\">Acc\u00e9s a webmail<br \/>\n<img decoding=\"async\" class=\"aligncenter size-medium wp-image-673\" src=\"https:\/\/www.icaib.org\/wp-content\/uploads\/resources\/servicios\/email-300x200.png\" alt=\"email\" width=\"100\" height=\"75\" \/><\/a><\/h3>\n<\/div><div class=\"fusion-clearfix\"><\/div><\/div><\/div><div class=\"fusion-layout-column fusion_builder_column fusion-builder-column-1 fusion_builder_column_1_2 1_2 fusion-one-half fusion-column-last\" style=\"--awb-bg-size:cover;width:48%;\"><div class=\"fusion-column-wrapper fusion-flex-column-wrapper-legacy\"><div class=\"fusion-text fusion-text-2\"><h2 style=\"text-align: center;\">Suport t\u00e8cnic:<\/h2>\n<h2 style=\"text-align: center;\">91 150 1003<\/h2>\n<\/div><div class=\"fusion-clearfix\"><\/div><\/div><\/div><\/div><\/div><div class=\"fusion-fullwidth fullwidth-box fusion-builder-row-2 hundred-percent-fullwidth non-hundred-percent-height-scrolling\" style=\"--awb-border-radius-top-left:0px;--awb-border-radius-top-right:0px;--awb-border-radius-bottom-right:0px;--awb-border-radius-bottom-left:0px;--awb-overflow:visible;--awb-flex-wrap:wrap;\" ><div class=\"fusion-builder-row fusion-row\"><div class=\"fusion-layout-column fusion_builder_column fusion-builder-column-2 fusion_builder_column_1_1 1_1 fusion-one-full fusion-column-first fusion-column-last fusion-column-no-min-height\" style=\"--awb-bg-size:cover;--awb-margin-bottom:0px;\"><div class=\"fusion-column-wrapper fusion-flex-column-wrapper-legacy\"><div class=\"fusion-text fusion-text-3\"><p style=\"text-align: center;\"><a href='http:\/\/www.abogacia.es\/site\/correoabogacia\/manuales-de-uso-correo\/' target='_blank'>\n                <i class='fas fa-link'><\/i> \n                <strong>Manuals de configuraci\u00f3 i videotutorials<\/strong>\n            <\/a><br\/><\/p>\n<\/div><div class=\"fusion-text fusion-text-4\"><p style=\"text-align: center;\"><a href='https:\/\/www.icaib.org\/cambiar-autenticacion-email\/' target='_blank'>\n                <i class='fas fa-link'><\/i> \n                <strong>MICROSOFT RETIRAR\u00c1 EL \u201cM\u00c9TODO B\u00c1SICO\u201d DE IDENTIFICACI\u00d3N EN EL CORREO ELECTR\u00d3NICO<\/strong>\n            <\/a><br\/><\/p>\n<\/div><div class=\"fusion-sep-clear\"><\/div><div class=\"fusion-separator fusion-full-width-sep\" style=\"margin-left: auto;margin-right: auto;margin-top:20px;margin-bottom:20px;width:100%;\"><div class=\"fusion-separator-border sep-shadow\" style=\"--awb-height:20px;--awb-amount:20px;background:radial-gradient(ellipse at 50% -50% , #e0dede 0px, rgba(255, 255, 255, 0) 80%) repeat scroll 0 0 rgba(0, 0, 0, 0);background:-webkit-radial-gradient(ellipse at 50% -50% , #e0dede 0px, rgba(255, 255, 255, 0) 80%) repeat scroll 0 0 rgba(0, 0, 0, 0);background:-moz-radial-gradient(ellipse at 50% -50% , #e0dede 0px, rgba(255, 255, 255, 0) 80%) repeat scroll 0 0 rgba(0, 0, 0, 0);background:-o-radial-gradient(ellipse at 50% -50% , #e0dede 0px, rgba(255, 255, 255, 0) 80%) repeat scroll 0 0 rgba(0, 0, 0, 0);\"><\/div><\/div><div class=\"fusion-sep-clear\"><\/div><div class=\"fusion-text fusion-text-5\"><h3>Sol\u00b7licitud nou email<\/h3>\n<p>Si estau col\u00b7legiats a l\u2019ICAIB, podeu sol\u00b7licitar la creaci\u00f3 <strong>d\u2019un \u00fanic compte<\/strong> de correu electr\u00f2nic amb el domini @icaib.org.<\/p>\n<p>El preu anual d&#8217;aquest servei i l&#8217;acc\u00e9s a les diferents prestacions associades al domini \u00e9s de 30 euros m\u00e9s IVA.<\/p>\n<p>Per a sol\u00b7licitar un compte <a href=\"https:\/\/www.icaib.com\" target=\"_blank\" rel=\"noopener\">cliqui aqu\u00ed<\/a><\/p>\n<\/div><div class=\"fusion-clearfix\"><\/div><\/div><\/div><\/div><\/div><\/p>\n","protected":false},"excerpt":{"rendered":"","protected":false},"author":1,"featured_media":0,"parent":0,"menu_order":200,"comment_status":"closed","ping_status":"closed","template":"","meta":{"footnotes":""},"categories":[],"tags":[],"class_list":["post-12570","page","type-page","status-publish","hentry"],"_links":{"self":[{"href":"https:\/\/www.icaib.org\/ca\/wp-json\/wp\/v2\/pages\/12570","targetHints":{"allow":["GET"]}}],"collection":[{"href":"https:\/\/www.icaib.org\/ca\/wp-json\/wp\/v2\/pages"}],"about":[{"href":"https:\/\/www.icaib.org\/ca\/wp-json\/wp\/v2\/types\/page"}],"author":[{"embeddable":true,"href":"https:\/\/www.icaib.org\/ca\/wp-json\/wp\/v2\/users\/1"}],"replies":[{"embeddable":true,"href":"https:\/\/www.icaib.org\/ca\/wp-json\/wp\/v2\/comments?post=12570"}],"version-history":[{"count":1,"href":"https:\/\/www.icaib.org\/ca\/wp-json\/wp\/v2\/pages\/12570\/revisions"}],"predecessor-version":[{"id":292701,"href":"https:\/\/www.icaib.org\/ca\/wp-json\/wp\/v2\/pages\/12570\/revisions\/292701"}],"wp:attachment":[{"href":"https:\/\/www.icaib.org\/ca\/wp-json\/wp\/v2\/media?parent=12570"}],"wp:term":[{"taxonomy":"category","embeddable":true,"href":"https:\/\/www.icaib.org\/ca\/wp-json\/wp\/v2\/categories?post=12570"},{"taxonomy":"post_tag","embeddable":true,"href":"https:\/\/www.icaib.org\/ca\/wp-json\/wp\/v2\/tags?post=12570"}],"curies":[{"name":"wp","href":"https:\/\/api.w.org\/{rel}","templated":true}]}}