{"id":12652,"date":"2015-02-27T11:50:03","date_gmt":"2015-02-27T11:50:03","guid":{"rendered":"https:\/\/www.icaib.org\/?page_id=12652"},"modified":"2026-04-13T12:00:06","modified_gmt":"2026-04-13T10:00:06","slug":"nies","status":"publish","type":"page","link":"https:\/\/www.icaib.org\/ca\/col%c2%b7legiats\/serveis-col%c2%b7legiats\/nies\/","title":{"rendered":"NIEs"},"content":{"rendered":"<div class=\"fusion-fullwidth fullwidth-box fusion-builder-row-1 hundred-percent-fullwidth non-hundred-percent-height-scrolling\" style=\"--awb-border-radius-top-left:0px;--awb-border-radius-top-right:0px;--awb-border-radius-bottom-right:0px;--awb-border-radius-bottom-left:0px;--awb-overflow:visible;--awb-flex-wrap:wrap;\" ><div class=\"fusion-builder-row fusion-row\"><div class=\"fusion-layout-column fusion_builder_column fusion-builder-column-0 fusion_builder_column_1_1 1_1 fusion-one-full fusion-column-first fusion-column-last fusion-column-no-min-height\" style=\"--awb-bg-blend:overlay;--awb-bg-size:cover;--awb-margin-bottom:0px;\"><div class=\"fusion-column-wrapper fusion-flex-column-wrapper-legacy\"><div class=\"fusion-alert alert custom alert-custom fusion-alert-center awb-alert-native-link-color alert-dismissable awb-alert-close-boxed\" style=\"--awb-background-color:var(--awb-custom18);--awb-accent-color:var(--awb-color6);--awb-border-top-left-radius:0px;--awb-border-top-right-radius:0px;--awb-border-bottom-left-radius:0px;--awb-border-bottom-right-radius:0px;\" role=\"alert\"><div class=\"fusion-alert-content-wrapper\"><span class=\"fusion-alert-content\"><p style=\"text-align: center;\">SERVEI EXCLUSIU PER A COL\u00b7LEGIATS DE L&#8217;ICAIB<\/p>\n<p style=\"text-align: center;\">IMPORTANT<\/p>\n<ul>\n<li style=\"text-align: left;\">El servei col\u00b7legial \u00e9s per tramitar sol\u00b7licituds de NIE relacionades amb gestions puntuals a la Comunitat Aut\u00f2noma de les Illes Balears, la realitzaci\u00f3 de les quals no pot excedir els tres mesos d&#8217;estada a Espanya, comptadors des de la data de petici\u00f3 del document.<\/li>\n<li style=\"text-align: left;\">Si el ciutad\u00e0 estranger \u00e9s resident, qualsevol tr\u00e0mit o gesti\u00f3 l&#8217;ha de fer directament a l&#8217;Oficina d&#8217;Estrangeria de Policia.<\/li>\n<li style=\"text-align: left;\">Els ciutadans no comunitaris poden tramitar la seva sol\u00b7licitud de NIE a l&#8217;ICAIB, llevat si ho necessiten per a lloguer, per feina o per estudis, per als quals s&#8217;han d&#8217;adre\u00e7ar directament a l&#8217;Oficina d&#8217;Estrangeria de Policia.<\/li>\n<li style=\"text-align: left;\">En cas que les persones estrangeres (comunit\u00e0ries i no comunit\u00e0ries) no estrobin a Espanya ni viatgin al nostre pa\u00eds en el moment de sol\u00b7licitar el NIE, haurande tramitar la petici\u00f3 a trav\u00e9s de l&#8217;ambaixada o el consolat del seu pa\u00eds.<\/li>\n<\/ul><\/span><\/div><button style=\"color:var(--awb-color6);border-color:var(--awb-color6);\" type=\"button\" class=\"close toggle-alert\" data-dismiss=\"alert\" aria-label=\"Close\">&times;<\/button><\/div><div class=\"fusion-alert alert error alert-danger fusion-alert-left awb-alert-native-link-color\" role=\"alert\"><div class=\"fusion-alert-content-wrapper\"><span class=\"alert-icon\"><i class=\"awb-icon-exclamation-triangle\" aria-hidden=\"true\"><\/i><\/span><span class=\"fusion-alert-content\"><em> Informaci\u00f3n actualizada el 13-04-2026<\/em><br \/>\n<b>\u00daLTIMO NIE ACEPTADO EN POLIC\u00cdA: <\/b>del 195 al 223 (24 de marzo y 7 de abril, respectivamente)<\/p>\n<hr>\n<p>Important: <strong>els NIE acceptats tarden una setmana a ser remesos a l\u2019ICAIB.<\/strong> Tot i aix\u00ed, recordam que quan arriben s\u2019avisa per correu electr\u00f2nic al col\u00b7legiat.<\/span><\/div><\/div><div class=\"fusion-sep-clear\"><\/div><div class=\"fusion-separator fusion-full-width-sep\" style=\"margin-left: auto;margin-right: auto;margin-bottom:30px;width:100%;\"><\/div><div class=\"fusion-sep-clear\"><\/div><div class=\"fusion-alert alert success alert-success fusion-alert-left awb-alert-native-link-color\" role=\"alert\"><div class=\"fusion-alert-content-wrapper\"><span class=\"alert-icon\"><i class=\"awb-icon-check-circle\" aria-hidden=\"true\"><\/i><\/span><span class=\"fusion-alert-content\"><strong>**Atenci\u00f3<\/strong>: El<strong> termini per subsanar errors<\/strong> en el nom, cognoms, data i lloc de naixement als certificats de NIE, sense generar una nova despesa, \u00e9s d\u2019<strong>un mes com a m\u00e0xim<\/strong> des de la data d\u2019expedici\u00f3 del NIE. Una vegada superat aquest termini, s\u2019haur\u00e0 de presentar la mateixa documentaci\u00f3, com si fos una nova sol\u00b7licitud, i abonar de bel nou l\u2019import. Per aix\u00f2, cal comprovar aquestes dades una vegada es rebi el NIE.<\/span><\/div><\/div><div class=\"fusion-clearfix\"><\/div><\/div><\/div><\/div><div class=\"fusion-builder-row fusion-row\"><div class=\"fusion-layout-column fusion_builder_column fusion-builder-column-1 fusion_builder_column_1_1 1_1 fusion-one-full fusion-column-first fusion-column-last fusion-column-no-min-height\" style=\"--awb-bg-blend:overlay;--awb-bg-size:cover;--awb-margin-bottom:0px;\"><div class=\"fusion-column-wrapper fusion-flex-column-wrapper-legacy\"><div class=\"fusion-text fusion-text-1\"><p>En virtut de l\u2019acord de col\u00b7laboraci\u00f3 signat amb la Delegaci\u00f3 del Govern a les Illes Balears, l\u2019ICAIB est\u00e0 facultat per tramitar les sol\u00b7licituds de NIE amb la finalitat de simplificar-ne i optimitzar-ne la gesti\u00f3, i reduir el temps d\u2019espera i d\u2019obtenci\u00f3 d\u2019aquests documents.<\/p>\n<\/div><div class=\"fusion-sep-clear\"><\/div><div class=\"fusion-separator fusion-full-width-sep\" style=\"margin-left: auto;margin-right: auto;margin-bottom:30px;width:100%;\"><\/div><div class=\"fusion-sep-clear\"><\/div>\n<div class=\"table-1\">\n<p>&nbsp;<\/p>\n<table width=\"100%\">\n<thead>\n<tr>\n<th align=\"left\">\n<h2 style=\"text-align: center;\">NIEs<\/h2>\n<\/th>\n<th style=\"text-align: center;\" align=\"left\">\n<h2>Preu (IVA incl\u00f2s)<\/h2>\n<\/th>\n<th style=\"text-align: center;\" align=\"left\">\n<h2>NIEs<\/h2>\n<\/th>\n<th align=\"left\">\n<h2 style=\"text-align: center;\">Preu (IVA incl\u00f2s)<\/h2>\n<\/th>\n<\/tr>\n<\/thead>\n<tbody>\n<tr>\n<td style=\"text-align: center;\" align=\"left\">\n<h2>1<\/h2>\n<\/td>\n<td align=\"left\">\n<h2>40.09 \u20ac<\/h2>\n<\/td>\n<td style=\"text-align: center;\" align=\"left\">\n<h2>6<\/h2>\n<\/td>\n<td align=\"left\">\n<h2>240.54 \u20ac<\/h2>\n<\/td>\n<\/tr>\n<tr>\n<td style=\"text-align: center;\" align=\"left\">\n<h2>2<\/h2>\n<\/td>\n<td align=\"left\">\n<h2>80.18 \u20ac<\/h2>\n<\/td>\n<td style=\"text-align: center;\" align=\"left\">\n<h2>7<\/h2>\n<\/td>\n<td align=\"left\">\n<h2>280.63 \u20ac<\/h2>\n<\/td>\n<\/tr>\n<tr>\n<td style=\"text-align: center;\" align=\"left\">\n<h2>3<\/h2>\n<\/td>\n<td align=\"left\">\n<h2>120.27 \u20ac<\/h2>\n<\/td>\n<td style=\"text-align: center;\" align=\"left\">\n<h2>8<\/h2>\n<\/td>\n<td align=\"left\">\n<h2>320.72 \u20ac<\/h2>\n<\/td>\n<\/tr>\n<tr>\n<td style=\"text-align: center;\" align=\"left\">\n<h2>4<\/h2>\n<\/td>\n<td align=\"left\">\n<h2>160.36 \u20ac<\/h2>\n<\/td>\n<td style=\"text-align: center;\" align=\"left\">\n<h2>9<\/h2>\n<\/td>\n<td align=\"left\">\n<h2>360.81 \u20ac<\/h2>\n<\/td>\n<\/tr>\n<tr>\n<td style=\"text-align: center;\" align=\"left\">\n<h2>5<\/h2>\n<\/td>\n<td align=\"left\">\n<h2>200.45 \u20ac<\/h2>\n<\/td>\n<td style=\"text-align: center;\" align=\"left\">\n<h2>10<\/h2>\n<\/td>\n<td align=\"left\">\n<h2>400.90 \u20ac<\/h2>\n<\/td>\n<\/tr>\n<\/tbody>\n<\/table>\n<p>&nbsp;<\/p>\n<\/div>\n<div class=\"fusion-clearfix\"><\/div><\/div><\/div><div class=\"fusion-layout-column fusion_builder_column fusion-builder-column-2 fusion_builder_column_1_1 1_1 fusion-one-full fusion-column-first fusion-column-last fusion-column-no-min-height\" style=\"--awb-bg-blend:overlay;--awb-bg-size:cover;--awb-margin-bottom:0px;\"><div class=\"fusion-column-wrapper fusion-flex-column-wrapper-legacy\"><div class=\"fusion-text fusion-text-2\" style=\"--awb-text-transform:none;\"><p>Aquest servei es carregar\u00e0 al vostre compte col\u00b7legial i se us facturar\u00e0 com a persona f\u00edsica.<\/p>\n<p>En cas que la petici\u00f3 de NIE es faci a <strong>nom del despatx,<\/strong> el sol\u00b7licitant haur\u00e0 d\u2019incloure entre la documentaci\u00f3 que es lliura en m\u00e0, <strong>justificant d\u2019ingr\u00e9s al c\/c: ES29 2100 1807 9102 0007 9490.<\/strong><\/p>\n<\/div><div class=\"fusion-clearfix\"><\/div><\/div><\/div><div class=\"fusion-layout-column fusion_builder_column fusion-builder-column-3 fusion_builder_column_1_1 1_1 fusion-one-full fusion-column-first fusion-column-last fusion-column-no-min-height\" style=\"--awb-padding-top:30px;--awb-bg-blend:overlay;--awb-bg-size:cover;--awb-margin-top:30px;--awb-margin-bottom:0px;\"><div class=\"fusion-column-wrapper fusion-column-has-shadow fusion-flex-column-wrapper-legacy\"><div class=\"fusion-text fusion-text-3 fusion-text-no-margin\" style=\"--awb-text-transform:none;--awb-margin-top:30px;--awb-margin-bottom:30px;\"><h2>Documentaci\u00f3 a presentar<\/h2>\n<\/div><div class=\"accordian fusion-accordian\" style=\"--awb-border-size:1px;--awb-icon-size:13px;--awb-content-font-size:15px;--awb-icon-alignment:left;--awb-hover-color:#f9f9f9;--awb-border-color:#cccccc;--awb-background-color:#ffffff;--awb-divider-color:#e0dede;--awb-divider-hover-color:#e0dede;--awb-icon-color:#ffffff;--awb-title-color:#8e3d3a;--awb-content-color:#383838;--awb-icon-box-color:#333333;--awb-toggle-hover-accent-color:#a0ce4e;--awb-title-font-family:&quot;Antic Slab&quot;;--awb-title-font-weight:400;--awb-title-font-style:normal;--awb-title-font-size:15px;--awb-content-font-family:&quot;Antic Slab&quot;;--awb-content-font-style:normal;--awb-content-font-weight:400;\"><div class=\"panel-group fusion-toggle-icon-boxed\" id=\"accordion-12652-1\"><div class=\"fusion-panel panel-default panel-cca94b9162426804c fusion-toggle-has-divider\" style=\"--awb-title-color:#8e3d3a;--awb-content-color:#383838;\"><div class=\"panel-heading\"><h4 class=\"panel-title toggle\" id=\"toggle_cca94b9162426804c\"><a aria-expanded=\"false\" aria-controls=\"cca94b9162426804c\" role=\"button\" data-toggle=\"collapse\" data-parent=\"#accordion-12652-1\" data-target=\"#cca94b9162426804c\" href=\"#cca94b9162426804c\"><span class=\"fusion-toggle-icon-wrapper\" aria-hidden=\"true\"><i class=\"fa-fusion-box active-icon fa-arrow-down fas\" aria-hidden=\"true\"><\/i><i class=\"fa-fusion-box inactive-icon fa-arrow-right fas\" aria-hidden=\"true\"><\/i><\/span><span class=\"fusion-toggle-heading\">A. CIUTADANS COMUNITARIS<\/span><\/a><\/h4><\/div><div id=\"cca94b9162426804c\" class=\"panel-collapse collapse \" aria-labelledby=\"toggle_cca94b9162426804c\"><div class=\"panel-body toggle-content fusion-clearfix\">\n<ul>\n<li><strong>Model EX15 vigent<\/strong>. <a href=\"https:\/\/www.icaib.org\/wp-content\/uploads\/2020\/11\/EX15.pdf\">Podeu descarregar el model aqu\u00ed<\/a>.<\/li>\n<li><strong>P\u00e0gina del passaport<\/strong> amb les dades de filiaci\u00f3 compulsada davant notari o targeta d\u2019identitat de la persona sol\u00b7licitant tamb\u00e9 compulsada notarialment.<\/li>\n<li><strong>Designaci\u00f3 apud acta o poder notarial<\/strong>:<\/li>\n<\/ul>\n<p style=\"padding-left: 40px;\">&#8211; <span class=\"fontstyle0\">Per a la designaci\u00f3 <\/span><span class=\"fontstyle2\">apud acta<\/span><span class=\"fontstyle0\">, cal que el client i el lletrat compareguin a la seu de l\u2019ICAIB<\/span>. <a href=\"https:\/\/www.icaib.org\/wp-content\/uploads\/2023\/05\/APUD-ACTA-NIE-1.pdf\">Podeu descarregar el model aqu\u00ed<\/a>.<\/p>\n<p style=\"padding-left: 40px;\">&#8211; <span class=\"fontstyle0\">Poder notarial general o especial: s\u2019admetr\u00e0 el poder general atorgat pel client al lletrat sempre que en aquest document consti espec\u00edficament que el poder tamb\u00e9 s\u2019atorga tamb\u00e9 a l\u2019efecte d\u2019obtenir el n\u00famero d\u2019identificaci\u00f3 d\u2019estranger. En els casos en qu\u00e8 el lletrat necessiti el poder general per a altres\u00a0 estions relacionades amb el seu client, pot presentar el poder original i una fotoc\u00f2pia d\u2019aquest, que ser\u00e0 confrontada a la Policia. Despr\u00e9s, l\u2019ICAIB tornar\u00e0\u00a0 l\u2019original a l\u2019interessat. Si no es vol lliurar el poder, hi ha el comprom\u00eds d\u2019acceptar la c\u00f2pia simple notarial original sempre que aquesta s\u2019hagi fet en paper timbrat del notari (no s\u00f3n v\u00e0lides les impressions o les fotoc\u00f2pies). Si el poder l\u2019atorga un notari estranger, se n\u2019ha d\u2019adjuntar una traducci\u00f3 jurada.<\/span><\/p>\n<p style=\"padding-left: 40px;\"><span class=\"fontstyle0\">Si el motiu no es concreta en el model EX15, cal que en el poder s\u2019especifiqui amb detall que el tr\u00e0mit o la gesti\u00f3 per al qual se sol\u00b7licita el NIE es fa per a les Illes Balears o hi t\u00e9 vinculaci\u00f3 directa, per la qual cosa s\u2019han de concretar les dades que acreditin aquesta relaci\u00f3 (per exemple, si \u00e9s per a la compravenda d\u2019habitatge, detallar-ne les dades i l\u2019adre\u00e7a; si \u00e9s per formalitzar un contracte laboral, especificar l\u2019empresa i l\u2019adre\u00e7a; si \u00e9s una her\u00e8ncia, les dades sobre el lloc i la persona que deixa l\u2019her\u00e8ncia, etc.<\/span><\/p>\n<p style=\"padding-left: 40px;\"><span class=\"fontstyle0\">Recordau que les sol\u00b7licituds s\u00f3n per fer tr\u00e0mits a les Illes Balears, no a altres llocs del pa\u00eds.<\/span><\/p>\n<\/div><\/div><\/div><div class=\"fusion-panel panel-default panel-3c25358b8c8a36375 fusion-toggle-has-divider\" style=\"--awb-title-color:#8e3d3a;--awb-content-color:#383838;\"><div class=\"panel-heading\"><h4 class=\"panel-title toggle\" id=\"toggle_3c25358b8c8a36375\"><a aria-expanded=\"false\" aria-controls=\"3c25358b8c8a36375\" role=\"button\" data-toggle=\"collapse\" data-parent=\"#accordion-12652-1\" data-target=\"#3c25358b8c8a36375\" href=\"#3c25358b8c8a36375\"><span class=\"fusion-toggle-icon-wrapper\" aria-hidden=\"true\"><i class=\"fa-fusion-box active-icon fa-arrow-down fas\" aria-hidden=\"true\"><\/i><i class=\"fa-fusion-box inactive-icon fa-arrow-right fas\" aria-hidden=\"true\"><\/i><\/span><span class=\"fusion-toggle-heading\">B. CIUTADANS NO COMUNITARIS<\/span><\/a><\/h4><\/div><div id=\"3c25358b8c8a36375\" class=\"panel-collapse collapse \" aria-labelledby=\"toggle_3c25358b8c8a36375\"><div class=\"panel-body toggle-content fusion-clearfix\">\n<ul>\n<li><strong>Model EX15 vigent<\/strong>. <a href=\"https:\/\/www.icaib.org\/wp-content\/uploads\/2020\/11\/EX15.pdf\">Podeu descarregar el model aqu\u00ed<\/a>.<\/li>\n<li><strong>Passaport complet compulsat davant notari<\/strong> en qu\u00e8 figuri el segell d\u2019entrada a Espanya que no excedeixi dels tres mesos des de l\u2019arribada al<br \/>\npa\u00eds.<\/li>\n<li><strong>Declaraci\u00f3 d\u2019entrada:<\/strong> si el ciutad\u00e0 no disposa del segell d\u2019entrada, l\u2019ha d\u2019acreditar mitjan\u00e7ant l\u2019obtenci\u00f3 a la Policia de la declaraci\u00f3 d\u2019entrada<br \/>\ndins les 72 hores seg\u00fcents a l\u2019entrada en territori espanyol.<\/li>\n<li><strong>Designaci\u00f3 apud acta o poder notarial:<\/strong>\n<ul>\n<li>Per a la designaci\u00f3 apud acta, cal que el client i el lletrat compareguin a la seu de l\u2019ICAIB. Descarregau-la aqu\u00ed.<\/li>\n<li>Poder notarial general o especial: s\u2019admetr\u00e0 el poder general atorgat pel client al lletrat sempre que en aquest document consti<br \/>\nespec\u00edficament que el poder tamb\u00e9 s\u2019atorga a l\u2019efecte d\u2019obtenir el n\u00famero d\u2019identificaci\u00f3 d\u2019estranger. En els casos en qu\u00e8 el lletrat o lletrada<br \/>\nnecessiti el poder general per a altres gestions relacionades amb el seu client, pot presentar el poder original i una fotoc\u00f2pia d\u2019aquest, que<br \/>\nser\u00e0 confrontada a la Policia. Despr\u00e9s, l\u2019ICAIB tornar\u00e0 l\u2019original a l\u2019interessat. Si no es vol lliurar el poder, hi ha el comprom\u00eds d\u2019acceptar la c\u00f2pia simple notarial original sempre que aquesta s\u2019hagi fet en paper timbrat del notari (no s\u00f3n v\u00e0lides les impressions o les fotoc\u00f2pies).<\/li>\n<\/ul>\n<\/li>\n<li><strong>IMPORTANT: Justificaci\u00f3 davant notari del motiu de la sol\u00b7licitud del NIE.<\/strong> Si el motiu pel qual se sol\u00b7licita el NIE no figura en el poder, cal presentar una acta de manifestaci\u00f3 o un certificat notarial en qu\u00e8 s\u2019acrediti la necessitat d\u2019obtenir el NIE per fer una gesti\u00f3 concreta. No n\u2019hi ha prou d\u2019indicar-ne el motiu, sin\u00f3 que s\u2019hi han d\u2019especificar les dades, \u00e9s a dir, si \u00e9s per comprar un habitatge, s\u2019hi han d\u2019especificar les dades de l\u2019habitatge; si \u00e9s per constituir una societat, el nom i l\u2019adre\u00e7a d\u2019aquesta, etc\u00e8tera.<\/li>\n<\/ul>\n<\/div><\/div><\/div><div class=\"fusion-panel panel-default panel-a4cb2a83240f63019 fusion-toggle-has-divider\" style=\"--awb-title-color:#8e3d3a;--awb-content-color:#383838;\"><div class=\"panel-heading\"><h4 class=\"panel-title toggle\" id=\"toggle_a4cb2a83240f63019\"><a aria-expanded=\"false\" aria-controls=\"a4cb2a83240f63019\" role=\"button\" data-toggle=\"collapse\" data-parent=\"#accordion-12652-1\" data-target=\"#a4cb2a83240f63019\" href=\"#a4cb2a83240f63019\"><span class=\"fusion-toggle-icon-wrapper\" aria-hidden=\"true\"><i class=\"fa-fusion-box active-icon fa-arrow-down fas\" aria-hidden=\"true\"><\/i><i class=\"fa-fusion-box inactive-icon fa-arrow-right fas\" aria-hidden=\"true\"><\/i><\/span><span class=\"fusion-toggle-heading\">C. MENORS D\u2019EDAT<\/span><\/a><\/h4><\/div><div id=\"a4cb2a83240f63019\" class=\"panel-collapse collapse \" aria-labelledby=\"toggle_a4cb2a83240f63019\"><div class=\"panel-body toggle-content fusion-clearfix\">\n<ul>\n<li><strong>Model EX15<\/strong> Cal emplenar la sol\u00b7licitud amb les dades del menor. L\u2019ha de signar el pare\/mare\/tutor legal.<\/li>\n<li><strong>Passaport o targeta d\u2019identitat del menor compulsada davant notari <\/strong>(si \u00e9s <strong>no comunitari<\/strong>, passaport complet).\n<ul>\n<li><span class=\"fontstyle0\">(Vegeu-ne <\/span><span class=\"fontstyle0\">els requisits en la documentaci\u00f3 de ciutadans no comunitaris).<\/span><\/li>\n<\/ul>\n<\/li>\n<li><strong>Passaport o targeta d\u2019identitat d\u2019ambd\u00f3s progenitors compulsada davant notari<\/strong> (si s\u00f3n <strong>no comunitaris<\/strong>, passaport complet).\n<ul>\n<li><span class=\"fontstyle0\">(Vegeu-ne<\/span><span class=\"fontstyle0\">els requisits en la documentaci\u00f3 de ciutadans no comunitaris).<\/span><\/li>\n<\/ul>\n<\/li>\n<li><strong><span class=\"fontstyle0\">Acreditaci\u00f3 del parentiu <\/span><\/strong><span class=\"fontstyle2\">mitjan\u00e7ant el certificat de naixement internacional en l\u00ednia o el certificat de naixement compulsat i amb traducci\u00f3 <\/span><span class=\"fontstyle2\">jurada.<\/span><\/li>\n<li><strong><span class=\"fontstyle0\">Acreditaci\u00f3 <\/span><span class=\"fontstyle2\">apud acta <\/span><span class=\"fontstyle0\">del menor d\u2019edat<\/span><\/strong>(<a href=\"https:\/\/www.icaib.org\/wp-content\/uploads\/2023\/05\/Formulario_APUD-ACTA-NIE-menor-de-edad.pdf\">. Podeu descarregar el model aqu\u00ed<\/a>) . <span class=\"fontstyle0\">Els dos progenitors i l\u2019advocat s\u2019han de presentar a l\u2019ICAIB per <\/span><span class=\"fontstyle0\">formalitzar l\u2019acreditaci\u00f3 (no cal la pres\u00e8ncia dels menors). Si no, cal presentar un poder notarial a nom dels dos progenitors en qu\u00e8 figurin els <\/span><span class=\"fontstyle0\">menors.<\/span><\/li>\n<li><span class=\"fontstyle0\">Nom\u00e9s en el cas de ciutadans <\/span><strong><span class=\"fontstyle2\">no comunitaris<\/span><\/strong><span class=\"fontstyle0\"><strong>,<\/strong> cal que presentin una <\/span><strong><span class=\"fontstyle2\">justificaci\u00f3 davant notari de la sol\u00b7licitud del NIE<\/span><\/strong><span class=\"fontstyle0\"><strong>.<\/strong> Si el motiu pel qual <\/span><span class=\"fontstyle0\">se sol\u00b7licita el NIE no figura en el poder, \u00e9s necessari presentar una acta de manifestaci\u00f3 o un certificat notarial en qu\u00e8 s\u2019acrediti la necessitat <\/span><span class=\"fontstyle0\">d\u2019obtenir el NIE per fer una gesti\u00f3 concreta. No n\u2019hi ha prou d\u2019indicar-ne el motiu, sin\u00f3 que s\u2019hi han d\u2019especificar les dades, \u00e9s a dir, si \u00e9s per <\/span><span class=\"fontstyle0\">comprar un habitatge, per constituir una societat, etc\u00e8tera.<\/span><\/li>\n<\/ul>\n<\/div><\/div><\/div><div class=\"fusion-panel panel-default panel-0e20ec7aae97eacfa fusion-toggle-has-divider\" style=\"--awb-title-color:#8e3d3a;--awb-content-color:#383838;\"><div class=\"panel-heading\"><h4 class=\"panel-title toggle\" id=\"toggle_0e20ec7aae97eacfa\"><a aria-expanded=\"false\" aria-controls=\"0e20ec7aae97eacfa\" role=\"button\" data-toggle=\"collapse\" data-parent=\"#accordion-12652-1\" data-target=\"#0e20ec7aae97eacfa\" href=\"#0e20ec7aae97eacfa\"><span class=\"fusion-toggle-icon-wrapper\" aria-hidden=\"true\"><i class=\"fa-fusion-box active-icon fa-arrow-down fas\" aria-hidden=\"true\"><\/i><i class=\"fa-fusion-box inactive-icon fa-arrow-right fas\" aria-hidden=\"true\"><\/i><\/span><span class=\"fusion-toggle-heading\">D. DUPLICATS NIE <\/span><\/a><\/h4><\/div><div id=\"0e20ec7aae97eacfa\" class=\"panel-collapse collapse \" aria-labelledby=\"toggle_0e20ec7aae97eacfa\"><div class=\"panel-body toggle-content fusion-clearfix\">\n<ul>\n<li>La sol\u00b7licitud d\u2019un duplicat del NIE per p\u00e8rdua requereix la mateixa tramitaci\u00f3 i documentaci\u00f3 que si s\u2019hagu\u00e9s de tramitar la sol\u00b7licitud de nou (vegeu la documentaci\u00f3 comunit\u00e0ria i no comunit\u00e0ria), amb l\u2019\u00fanica excepci\u00f3 que, per evitar que el ciutad\u00e0 tingui dos n\u00fameros d\u2019identificaci\u00f3 diferents, s\u2019ha de fer constar a la sol\u00b7licitud el n\u00famero d\u2019identificaci\u00f3 que figurava en el document perdut.<\/li>\n<li>En aquest document tamb\u00e9 s\u2019ha d\u2019especificar que es tracta d\u2019un duplicat i s\u2019ha de vincular, amb dades detallades, la sol\u00b7licitud del duplicat amb alguna gesti\u00f3 espec\u00edfica que s\u2019hagi de dur a terme a la comunitat aut\u00f2noma de les Illes Balears (per exemple, si \u00e9s per comprar un habitatge, s\u2019hi han d\u2019especificar les dades de l\u2019habitatge; si \u00e9s per constituir una societat, el nom i l\u2019adre\u00e7a d\u2019aquesta, etc\u00e8tera).<\/li>\n<\/ul>\n<\/div><\/div><\/div><\/div><\/div><div class=\"fusion-clearfix\"><\/div><\/div><\/div><div class=\"fusion-layout-column fusion_builder_column fusion-builder-column-4 fusion_builder_column_1_1 1_1 fusion-one-full fusion-column-first fusion-column-last fusion-column-no-min-height\" style=\"--awb-bg-blend:overlay;--awb-bg-size:cover;--awb-margin-top:40px;\"><div class=\"fusion-column-wrapper fusion-column-has-shadow fusion-flex-column-wrapper-legacy\"><div class=\"fusion-text fusion-text-4 fusion-text-no-margin\" style=\"--awb-text-transform:none;--awb-margin-top:30px;--awb-margin-bottom:30px;\"><h2>Horari i llocs d\u2019atenci\u00f3<\/h2>\n<\/div><div class=\"fusion-clearfix\"><\/div><\/div><\/div><div class=\"fusion-layout-column fusion_builder_column fusion-builder-column-5 fusion_builder_column_1_2 1_2 fusion-one-half fusion-column-first fusion-column-no-min-height\" style=\"--awb-bg-blend:overlay;--awb-bg-size:cover;--awb-margin-bottom:0px;width:48%; margin-right: 4%;\"><div class=\"fusion-column-wrapper fusion-column-has-shadow fusion-flex-column-wrapper-legacy\"><div class=\"fusion-text fusion-text-5\" style=\"--awb-text-transform:none;\"><p style=\"text-align: left;\"><strong>Palma<\/strong><br \/>\nSecretaria del ICAIB ( <a href=\"mailto:secretaria@icaib.org\" target=\"_blank\" rel=\"noopener\">secretaria@icaib.org<\/a> )<br \/>\nAmb poder notarial: de dilluns a dijous , de 10:30 a 13:30 hores.<br \/>\nAmb apud acta: de dilluns a divendres, de 10:30 a 13:30 horas.<br \/>\nTel 971179400<\/p>\n<p>No \u00e9s necess\u00e0ria cita pr\u00e8via<\/p>\n<p style=\"text-align: left;\">ICAIB<br \/>\nRamblas 10 -07003<br \/>\nPalma de Mallorca<br \/>\nBalears<\/p>\n<\/div><div class=\"fusion-clearfix\"><\/div><\/div><\/div><div class=\"fusion-layout-column fusion_builder_column fusion-builder-column-6 fusion_builder_column_1_2 1_2 fusion-one-half fusion-column-last\" style=\"--awb-bg-blend:overlay;--awb-bg-size:cover;width:48%;\"><div class=\"fusion-column-wrapper fusion-flex-column-wrapper-legacy\"><div class=\"fusion-text fusion-text-6\" style=\"--awb-text-transform:none;\"><p><strong>Eivissa<\/strong><br \/>\nCorreu electr\u00f2nic: <a href=\"mailto:eivissa@icaib.org\">eivissa@icaib.org <\/a><br \/>\nDe dilluns a divendres, de 11:30 a 13:30 hores.<br \/>\nTel 971 179 408<\/p>\n<p>No \u00e9s necess\u00e0ria cita pr\u00e8via<\/p>\n<p>ICAIB \u2013 Eivissa<br \/>\nArag\u00f3 67 4\u00ba 7\u00aa -07800<br \/>\nEivissa<\/p>\n<\/div><div class=\"fusion-clearfix\"><\/div><\/div><\/div><\/div><\/div>\n","protected":false},"excerpt":{"rendered":"","protected":false},"author":1,"featured_media":0,"parent":12632,"menu_order":200,"comment_status":"closed","ping_status":"closed","template":"","meta":{"footnotes":""},"categories":[],"tags":[],"class_list":["post-12652","page","type-page","status-publish","hentry"],"_links":{"self":[{"href":"https:\/\/www.icaib.org\/ca\/wp-json\/wp\/v2\/pages\/12652","targetHints":{"allow":["GET"]}}],"collection":[{"href":"https:\/\/www.icaib.org\/ca\/wp-json\/wp\/v2\/pages"}],"about":[{"href":"https:\/\/www.icaib.org\/ca\/wp-json\/wp\/v2\/types\/page"}],"author":[{"embeddable":true,"href":"https:\/\/www.icaib.org\/ca\/wp-json\/wp\/v2\/users\/1"}],"replies":[{"embeddable":true,"href":"https:\/\/www.icaib.org\/ca\/wp-json\/wp\/v2\/comments?post=12652"}],"version-history":[{"count":27,"href":"https:\/\/www.icaib.org\/ca\/wp-json\/wp\/v2\/pages\/12652\/revisions"}],"predecessor-version":[{"id":296771,"href":"https:\/\/www.icaib.org\/ca\/wp-json\/wp\/v2\/pages\/12652\/revisions\/296771"}],"up":[{"embeddable":true,"href":"https:\/\/www.icaib.org\/ca\/wp-json\/wp\/v2\/pages\/12632"}],"wp:attachment":[{"href":"https:\/\/www.icaib.org\/ca\/wp-json\/wp\/v2\/media?parent=12652"}],"wp:term":[{"taxonomy":"category","embeddable":true,"href":"https:\/\/www.icaib.org\/ca\/wp-json\/wp\/v2\/categories?post=12652"},{"taxonomy":"post_tag","embeddable":true,"href":"https:\/\/www.icaib.org\/ca\/wp-json\/wp\/v2\/tags?post=12652"}],"curies":[{"name":"wp","href":"https:\/\/api.w.org\/{rel}","templated":true}]}}