{"id":13630,"date":"2015-10-27T10:07:34","date_gmt":"2015-10-27T09:07:34","guid":{"rendered":"https:\/\/www.icaib.org\/ca\/?page_id=13630"},"modified":"2026-04-14T11:49:45","modified_gmt":"2026-04-14T09:49:45","slug":"politica-de-cookies","status":"publish","type":"page","link":"https:\/\/www.icaib.org\/ca\/politica-de-cookies\/","title":{"rendered":"Pol\u00edtica de cookies"},"content":{"rendered":"<p><strong>POL\u00cdTICA DE COOKIES <\/strong><\/p>\n<p>&nbsp;<\/p>\n<p><strong><u>\u00bfQU\u00c9 SON LAS COOKIES?<\/u><\/strong><\/p>\n<p>Este sitio web utiliza cookies y\/o tecnolog\u00edas similares que almacenan y recuperan informaci\u00f3n cuando navega. En general, estas tecnolog\u00edas pueden servir para finalidades muy diversas, como, por ejemplo, reconocerle como usuario, obtener informaci\u00f3n sobre sus h\u00e1bitos de navegaci\u00f3n o personalizar la forma en que se muestra el contenido.<\/p>\n<p>Existen cookies que son controladas y gestionadas por el propio titular de la Web (son llamadas \u201ccookies propias\u201d) y otras que lo son por terceros (son conocidas como \u201ccookies de terceros\u201d), por ejemplo, porque estos proporcionan una herramienta o una funcionalidad integrada a la web.<\/p>\n<p>Los usos concretos que hacemos de estas tecnolog\u00edas se describen a continuaci\u00f3n.<\/p>\n<p><strong><u>\u00bfQU\u00c9 TIPO DE COOKIES UTILIZAMOS Y PARA QU\u00c9?<\/u><\/strong><\/p>\n<p>En esta web utilizamos los siguientes tipos de cookies:<\/p>\n<ol>\n<li><strong>Cookies t\u00e9cnicas o indispensables a la prestaci\u00f3n de los servicios: <\/strong>Son aquellas que permiten al usuario la navegaci\u00f3n a trav\u00e9s de una p\u00e1gina web, plataforma o aplicaci\u00f3n y la utilizaci\u00f3n de las diferentes opciones o servicios que en ella existan, incluyendo aquellas que se utilizan para permitir la gesti\u00f3n y operativa de la p\u00e1gina web y habilitar sus funciones y servicios, como, por ejemplo, controlar el tr\u00e1fico y la comunicaci\u00f3n de datos, identificar la sesi\u00f3n, acceder a partes de acceso restringido, utilizar elementos de seguridad durante la navegaci\u00f3n, almacenar contenidos para la difusi\u00f3n de v\u00eddeos o sonido, habilitar contenidos din\u00e1micos (por ejemplo, animaci\u00f3n de carga de un texto o imagen), compartir contenidos a trav\u00e9s de redes sociales.<\/li>\n<\/ol>\n<p>Estas cookies est\u00e1n exceptuadas del cumplimiento de las obligaciones establecidas en el art\u00edculo 22.2 de la LSSI<\/p>\n<p>Se informa al usuario de que al acceder a contenidos de terceros o de redes sociales que se pueden mostrar en nuestra web, es posible que las entidades responsables de \u00e9stos instalen cookies propias con finalidades que exceden las puramente t\u00e9cnicas. Nosotros no tenemos ning\u00fan control sobre estas Cookies, ni realizamos ning\u00fan tratamiento de los datos que puedan recabar. Puede deshabilitar la instalaci\u00f3n de dichas Cookies mediante la configuraci\u00f3n de su navegador seg\u00fan lo descrito en el apartado \u201c\u00bfC\u00d3MO PUEDO GESTIONAR LAS COOKIES?\u201d. Puede obtener m\u00e1s informaci\u00f3n en las pol\u00edticas de cookies de dichos terceros en los siguientes enlaces:<\/p>\n<ul>\n<li>FACEBOOK (Meta Platforms Ireland Ltd. con domicilio en 4 Grand Canal Square, Grand Canal Harbour, Dublin 2 Ireland.): <a href=\"https:\/\/www.facebook.com\/policies\/cookies\/\">https:\/\/www.facebook.com\/policies\/cookies\/<\/a><\/li>\n<li>INSTAGRAM (Meta Platforms Ireland Ltd. con domicilio en 4 Grand Canal Square, Grand Canal Harbour, Dublin 2 Ireland.): <a href=\"https:\/\/help.instagram.com\/1896641480634370\">https:\/\/help.instagram.com\/1896641480634370<\/a><\/li>\n<li>X (X Corp.), con domicilio en 1355 Market Street, Suite 900 San Francisco, CA 94103, Estados Unidos.): <a href=\"https:\/\/help.twitter.com\/es\/rules-and-policies\/twitter-cookies\">https:\/\/help.twitter.com\/es\/rules-and-policies\/twitter-cookies<\/a><\/li>\n<li>LINKEDIN (LinkedIn Ireland Unlimited Company, con domicilio en Wilton Plaza<br \/>\nWilton Place, Dublin 2, Irlanda.): <a href=\"https:\/\/es.linkedin.com\/legal\/cookie-policy\">https:\/\/es.linkedin.com\/legal\/cookie-policy<\/a><\/li>\n<li>FLICKR (Flickr, Inc., 67 E Evelyn Ave, Ste 200, Mountain View, CA 94041, EEE.UU.): <a href=\"https:\/\/www.flickr.com\/help\/privacy\">https:\/\/www.flickr.com\/help\/privacy<\/a><\/li>\n<\/ul>\n<p><strong>\u00a0<\/strong><\/p>\n<ol start=\"2\">\n<li><strong>Cookies de an\u00e1lisis o medici\u00f3n:<\/strong> Utilizamos cookies de terceros que permiten cuantificar el n\u00famero de usuarios y as\u00ed realizar la medici\u00f3n y an\u00e1lisis estad\u00edstico de la utilizaci\u00f3n que estos hacen del servicio ofertado. Para ello se analiza su navegaci\u00f3n en nuestra p\u00e1gina web con el fin de mejorar los productos o servicios que le ofrecemos.<\/li>\n<\/ol>\n<ul>\n<li>Los terceros que tratan la informaci\u00f3n obtenida con estas cookies son los siguientes:\n<ul>\n<li>Matomo, InnoCraft Ltd, con domicilio en 150 Willis St, 6011 Wellington, New Zealand. Puede obtener m\u00e1s informaci\u00f3n sobre el funcionamiento de MATOMO (PIWIK) y las cookies utilizadas por este servicio en el siguiente enlace: https:\/\/matomo.org\/privacy\/ (en ingl\u00e9s).<\/li>\n<\/ul>\n<\/li>\n<li>Para aceptar o rechazar el uso de este tipo de cookies puede abrir la pesta\u00f1a sobre cookies situada en la esquina inferior derecha de la web o a trav\u00e9s la configuraci\u00f3n de su navegador.<\/li>\n<\/ul>\n<p><strong><u>TRANSFERENCIAS DE DATOS TERCEROS PA\u00cdSES<\/u><\/strong><\/p>\n<p>Puede informarse de las transferencias a terceros pa\u00edses que, en su caso, realizan los terceros identificados en esta pol\u00edtica de cookies en sus correspondientes pol\u00edticas (ver los enlaces facilitados en el apartado \u201c2. Cookies de an\u00e1lisis o medici\u00f3n\u201d).<\/p>\n<p><strong><u>PERIODO DE CONSERVACI\u00d3N DE LOS DATOS<\/u><\/strong><\/p>\n<p>Ciertas cookies se cancelan una vez finalizada la navegaci\u00f3n en la web (cookies de sesi\u00f3n) mientras que otras pueden seguir almacenadas en el equipo de los usuarios y ser accedidas por un periodo m\u00e1s largo (cookies persistentes).<\/p>\n<p>Caducidad de las cookies de terceros: Puede informarse sobre los periodos de conservaci\u00f3n de las cookies de los terceros identificados en esta pol\u00edtica de cookies en sus correspondientes pol\u00edticas (ver los enlaces facilitados en el apartado \u201c2. Cookies de an\u00e1lisis o medici\u00f3n\u201d).<\/p>\n<p><strong><u>TRATAMIENTOS DE DATOS PERSONALES Y DERECHOS DEL INTERESADO<\/u><\/strong><\/p>\n<p>La instalaci\u00f3n de cookies de terceros puede implicar la recogida de datos personales de navegaci\u00f3n, tales como direcciones IP o identificadores en l\u00ednea por dichas empresas para fines de marketing u otros propios de su responsabilidad. Puede informarse sobre los tratamientos de datos personales que, en su caso, realizan los terceros identificados en esta pol\u00edtica de cookies y sobre el modo de ejercer sus derechos en sus correspondientes pol\u00edticas (ver los enlaces facilitados en el apartado \u201c2. Cookies de an\u00e1lisis o medici\u00f3n\u201d).<\/p>\n<p>Respecto a nosotros, la informaci\u00f3n obtenida de las cookies s\u00f3lo podr\u00eda ser asociada a un usuario concreto en caso de que dicho usuario est\u00e9 identificado en la web. De ser as\u00ed, dichos datos ser\u00e1n tratados de conformidad con lo establecido en nuestra pol\u00edtica de privacidad web.<\/p>\n<p>En cualquier momento los usuarios afectados podr\u00e1n ejercitar su derecho a solicitar el acceso, la rectificaci\u00f3n o supresi\u00f3n, la limitaci\u00f3n del tratamiento y la portabilidad de sus datos, as\u00ed como a oponerse a su tratamiento y a presentar una reclamaci\u00f3n ante una autoridad de control. M\u00e1s informaci\u00f3n sobre protecci\u00f3n de datos en nuestra pol\u00edtica de privacidad.<\/p>\n<p><strong><u>\u00bfC\u00d3MO PUEDO GESTIONAR LAS COOKIES?<\/u><\/strong><\/p>\n<p>Puede gestionar las cookies abriendo la pesta\u00f1a sobre cookies situada en la esquina inferior derecha de la web o mediante la configuraci\u00f3n de su navegador.<\/p>\n<p><u>Par\u00e1metros del navegador<\/u><\/p>\n<p>Puede usted permitir o bloquear las cookies, as\u00ed como borrar sus datos de navegaci\u00f3n (incluidas las cookies) desde el navegador que usted utiliza. Consulte las opciones e instrucciones que ofrece su navegador para ello. Tenga en cuenta que, si acepta las cookies de terceros, deber\u00e1 eliminarlas desde las opciones del navegador.<\/p>\n<p>Para su comodidad, a continuaci\u00f3n, encontrar\u00e1 informaci\u00f3n proporcionada por los desarrolladores de los principales navegadores sobre la gesti\u00f3n de cookies:<\/p>\n<ul>\n<li><a href=\"https:\/\/support.microsoft.com\/es-es\/windows\/administrar-cookies-en-microsoft-edge-ver-permitir-bloquear-eliminar-y-usar-168dab11-0753-043d-7c16-ede5947fc64d\">Internet Explorer<\/a>.<\/li>\n<li><a href=\"https:\/\/support.mozilla.org\/es\/kb\/cookies-informacion-que-los-sitios-web-guardan-en-?redirectlocale=en-US&amp;redirectslug=Cookies\">Mozilla Firefox<\/a><\/li>\n<li><a href=\"https:\/\/support.google.com\/chrome\/answer\/95647?hl=es\">Google Chrome<\/a><\/li>\n<li><a href=\"https:\/\/www.apple.com\/es\/safari\/\">Safari<\/a><\/li>\n<\/ul>\n<p>En caso de desactivar las cookies, es posible que no pueda hacer uso de todas las funcionalidades de la web.<\/p>\n","protected":false},"excerpt":{"rendered":"<p>POL\u00cdTICA DE COOKIES &nbsp; \u00bfQU\u00c9 SON LAS COOKIES? Este sitio  [&#8230;]<\/p>\n","protected":false},"author":1,"featured_media":0,"parent":0,"menu_order":7,"comment_status":"closed","ping_status":"closed","template":"","meta":{"footnotes":""},"categories":[],"tags":[],"class_list":["post-13630","page","type-page","status-publish","hentry"],"_links":{"self":[{"href":"https:\/\/www.icaib.org\/ca\/wp-json\/wp\/v2\/pages\/13630","targetHints":{"allow":["GET"]}}],"collection":[{"href":"https:\/\/www.icaib.org\/ca\/wp-json\/wp\/v2\/pages"}],"about":[{"href":"https:\/\/www.icaib.org\/ca\/wp-json\/wp\/v2\/types\/page"}],"author":[{"embeddable":true,"href":"https:\/\/www.icaib.org\/ca\/wp-json\/wp\/v2\/users\/1"}],"replies":[{"embeddable":true,"href":"https:\/\/www.icaib.org\/ca\/wp-json\/wp\/v2\/comments?post=13630"}],"version-history":[{"count":1,"href":"https:\/\/www.icaib.org\/ca\/wp-json\/wp\/v2\/pages\/13630\/revisions"}],"predecessor-version":[{"id":296864,"href":"https:\/\/www.icaib.org\/ca\/wp-json\/wp\/v2\/pages\/13630\/revisions\/296864"}],"wp:attachment":[{"href":"https:\/\/www.icaib.org\/ca\/wp-json\/wp\/v2\/media?parent=13630"}],"wp:term":[{"taxonomy":"category","embeddable":true,"href":"https:\/\/www.icaib.org\/ca\/wp-json\/wp\/v2\/categories?post=13630"},{"taxonomy":"post_tag","embeddable":true,"href":"https:\/\/www.icaib.org\/ca\/wp-json\/wp\/v2\/tags?post=13630"}],"curies":[{"name":"wp","href":"https:\/\/api.w.org\/{rel}","templated":true}]}}