{"id":14706,"date":"2015-11-26T12:02:54","date_gmt":"2015-11-26T11:02:54","guid":{"rendered":"https:\/\/www.icaib.org\/ca\/?page_id=14706"},"modified":"2024-10-28T10:30:14","modified_gmt":"2024-10-28T09:30:14","slug":"insertar-oferta","status":"publish","type":"page","link":"https:\/\/www.icaib.org\/ca\/col%c2%b7legiats\/serveis-col%c2%b7legiats\/insertar-oferta\/","title":{"rendered":"Insertar oferta"},"content":{"rendered":"<div class=\"fusion-fullwidth fullwidth-box fusion-builder-row-1 hundred-percent-fullwidth non-hundred-percent-height-scrolling\" style=\"--awb-border-radius-top-left:0px;--awb-border-radius-top-right:0px;--awb-border-radius-bottom-right:0px;--awb-border-radius-bottom-left:0px;--awb-overflow:visible;--awb-flex-wrap:wrap;\" ><div class=\"fusion-builder-row fusion-row\"><div class=\"fusion-layout-column fusion_builder_column fusion-builder-column-0 fusion_builder_column_1_1 1_1 fusion-one-full fusion-column-first fusion-column-last fusion-column-no-min-height\" style=\"--awb-bg-size:cover;--awb-margin-bottom:0px;\"><div class=\"fusion-column-wrapper fusion-flex-column-wrapper-legacy\"><div class=\"fusion-text fusion-text-1\"><p><link rel='stylesheet' id='formidable-css' href='https:\/\/www.icaib.org\/wp-content\/plugins\/formidable\/css\/formidableforms.css?ver=3121049' type='text\/css' media='all' \/>\n<div class=\"frm_forms  with_frm_style frm_style_formidable-style\" id=\"frm_form_18_container\" >\n<form enctype=\"multipart\/form-data\" method=\"post\" class=\"frm-show-form  frm_pro_form \" id=\"form_sl4onl\" >\n<div class=\"frm_form_fields \">\n<fieldset>\n<legend class=\"frm_hidden\">Bolsa empleo : oferta <\/legend>\r\n\r\n<div class=\"frm_fields_container\">\n<input type=\"hidden\" name=\"frm_action\" value=\"create\" \/>\n<input type=\"hidden\" name=\"form_id\" value=\"18\" \/>\n<input type=\"hidden\" name=\"frm_hide_fields_18\" id=\"frm_hide_fields_18\" value=\"\" \/>\n<input type=\"hidden\" name=\"form_key\" value=\"sl4onl\" \/>\n<input type=\"hidden\" name=\"item_meta[0]\" value=\"\" \/>\n<input type=\"hidden\" id=\"frm_submit_entry_18\" name=\"frm_submit_entry_18\" value=\"3132ac9774\" \/><input type=\"hidden\" name=\"_wp_http_referer\" value=\"\/ca\/wp-json\/wp\/v2\/pages\/14706\" \/><div id=\"frm_field_231_container\" class=\"frm_form_field form-field  frm_required_field frm_top_container\">\r\n    <label for=\"field_23ma8u\" class=\"frm_primary_label\">Nombre de la empresa\r\n        <span class=\"frm_required\">*<\/span>\r\n    <\/label>\r\n    <input  type=\"text\" id=\"field_23ma8u\" name=\"item_meta[231]\" value=\"\"  data-reqmsg=\"Nombre de la empresa cannot be blank.\" aria-required=\"true\" data-invmsg=\"Nombre de la empresa is invalid\" aria-invalid=\"false\"   \/>\r\n    \r\n    \r\n<\/div>\n<div id=\"frm_field_232_container\" class=\"frm_form_field form-field  frm_top_container\">\r\n    <label for=\"field_sqij07\" class=\"frm_primary_label\">Direcci\u00f3n\r\n        <span class=\"frm_required\"><\/span>\r\n    <\/label>\r\n    <input  type=\"text\" id=\"field_sqij07\" name=\"item_meta[232]\" value=\"\"  data-invmsg=\"Direcci\u00f3n is invalid\" aria-invalid=\"false\"   \/>\r\n    \r\n    \r\n<\/div>\n<div id=\"frm_field_233_container\" class=\"frm_form_field form-field  frm_top_container\">\r\n    <label for=\"field_362u8a\" class=\"frm_primary_label\">Tel\u00e9fono\r\n        <span class=\"frm_required\"><\/span>\r\n    <\/label>\r\n    <input  type=\"text\" id=\"field_362u8a\" name=\"item_meta[233]\" value=\"\"  data-invmsg=\"Tel\u00e9fono no es v\u00e1lido\" aria-invalid=\"false\"   \/>\r\n    \r\n    \r\n<\/div>\n<div id=\"frm_field_234_container\" class=\"frm_form_field form-field  frm_required_field frm_top_container\">\r\n    <label for=\"field_2ux3nt\" class=\"frm_primary_label\">Email\r\n        <span class=\"frm_required\">*<\/span>\r\n    <\/label>\r\n    <input  type=\"text\" id=\"field_2ux3nt\" name=\"item_meta[234]\" value=\"\"  data-reqmsg=\"Email cannot be blank.\" aria-required=\"true\" data-invmsg=\"Email is invalid\" aria-invalid=\"false\"   \/>\r\n    \r\n    \r\n<\/div>\n<div id=\"frm_field_235_container\" class=\"frm_form_field form-field  frm_top_container\">\r\n    <label for=\"field_p1jfzn\" class=\"frm_primary_label\">Nombre del puesto\r\n        <span class=\"frm_required\"><\/span>\r\n    <\/label>\r\n    <input  type=\"text\" id=\"field_p1jfzn\" name=\"item_meta[235]\" value=\"\"  data-invmsg=\"Nombre del puesto is invalid\" aria-invalid=\"false\"   \/>\r\n    \r\n    \r\n<\/div>\n<div id=\"frm_field_236_container\" class=\"frm_form_field form-field  frm_top_container\">\r\n    <label for=\"field_xlcpo9\" class=\"frm_primary_label\">Funciones\r\n        <span class=\"frm_required\"><\/span>\r\n    <\/label>\r\n    <textarea name=\"item_meta[236]\" id=\"field_xlcpo9\" rows=\"5\"  data-invmsg=\"Funciones is invalid\" aria-invalid=\"false\"  ><\/textarea>\r\n    \r\n    \r\n<\/div>\n<div id=\"frm_field_239_container\" class=\"frm_form_field form-field  frm_top_container\">\r\n    <label for=\"field_kq3nws\" class=\"frm_primary_label\">Perfil del solicitante\r\n        <span class=\"frm_required\"><\/span>\r\n    <\/label>\r\n    <textarea name=\"item_meta[239]\" id=\"field_kq3nws\" rows=\"5\"  data-invmsg=\"Perfil del solicitante is invalid\" aria-invalid=\"false\"  ><\/textarea>\r\n    \r\n    \r\n<\/div>\n<div id=\"frm_field_238_container\" class=\"frm_form_field form-field  frm_top_container\">\r\n    <label for=\"field_qhq1if\" class=\"frm_primary_label\">Datos del puesto (remuneraci\u00f3n , horario, etc.)\r\n        <span class=\"frm_required\"><\/span>\r\n    <\/label>\r\n    <textarea name=\"item_meta[238]\" id=\"field_qhq1if\" rows=\"5\"  data-invmsg=\"Datos del puesto (remuneraci\u00f3n , horario, etc.) is invalid\" aria-invalid=\"false\"  ><\/textarea>\r\n    \r\n    \r\n<\/div>\n<div id=\"frm_field_372_container\" class=\"frm_form_field form-field  frm_top_container\">\r\n    <label for=\"g-recaptcha-response\" class=\"frm_primary_label\">reCAPTCHA\r\n        <span class=\"frm_required\"><\/span>\r\n    <\/label>\r\n    <div  id=\"field_2bssz\" class=\"g-recaptcha\" data-sitekey=\"6LdVnCEUAAAAAKfLP3I5L74Jgnrc1LzzO11OOgj-\" data-size=\"normal\" data-theme=\"light\"><\/div>\r\n    \r\n    \r\n<\/div>\n\t<input type=\"hidden\" name=\"item_key\" value=\"\" \/>\n\t\t\t<div id=\"frm_field_1749_container\">\n\t\t\t<label for=\"field_1njg1\" >\n\t\t\t\tIf you are human, leave this field blank.\t\t\t<\/label>\n\t\t\t<input  id=\"field_1njg1\" type=\"text\" class=\"frm_form_field form-field frm_verify\" name=\"item_meta[1749]\" value=\"\"  \/>\n\t\t<\/div>\n\t\t<input name=\"frm_state\" type=\"hidden\" value=\"swNMMF3xbrhwNMWlM4OQDGgQe5fY7wj8EUNpiN+F5hxqMEyIsjTK+tIhS4mw\/yoQ\" \/><div class=\"frm_submit\">\r\n\r\n<input type=\"submit\" value=\"Enviar\"  class=\"frm_final_submit\" \/>\r\n<img decoding=\"async\" class=\"frm_ajax_loading\" src=\"https:\/\/www.icaib.org\/wp-content\/plugins\/formidable\/images\/ajax_loader.gif\" alt=\"Enviando\"\/>\r\n\r\n<\/div><\/div>\n<\/fieldset>\n<\/div>\n\n<\/form>\n<\/div>\n\nAntes de enviar este formulario, debe leer la Informaci\u00f3n b\u00e1sica sobre protecci\u00f3n de datos que se encuentra m\u00e1s abajo. *Los campos marcados son obligatorios para la tramitaci\u00f3n de su petici\u00f3n. <strong>Al pulsar el bot\u00f3n de env\u00edo manifiesta haber le\u00eddo esta informaci\u00f3n<\/strong>.<\/p>\n<p><strong>Informaci\u00f3n b\u00e1sica sobre privacidad<\/strong><\/p>\n<ul>\n<li><strong>Responsable:<\/strong> Ilustre Colegio de Abogados de las Illes Balears.<\/li>\n<li><strong>Finalidad:<\/strong> Tramitaci\u00f3n de su solicitud, gesti\u00f3n interna del Colegio y de la Web.<\/li>\n<li><strong>Legitimaci\u00f3n:<\/strong> Prestaci\u00f3n del servicio solicitado e inter\u00e9s leg\u00edtimo del Colegio para la realizaci\u00f3n de estad\u00edsticas.<\/li>\n<li><strong>Destinatarios:<\/strong> : Los datos proporcionados ser\u00e1n publicados en la web.<\/li>\n<li><strong>Derechos:<\/strong> Tiene derecho a acceder, rectificar y suprimir los datos, as\u00ed como otros derechos como se explica en la informaci\u00f3n adicional.<\/li>\n<li><strong>Informaci\u00f3n adicional:<\/strong> Puede consultar informaci\u00f3n adicional y detallada sobre Protecci\u00f3n de Datos en la pol\u00edtica de privacidad para Colegiados publicada en <a href=\"https:\/\/www.icaib.org\/gdpr\" target=\"_blank\" rel=\"noopener\">www.icaib.org\/gdpr<\/a> y en la <a href=\"https:\/\/www.icaib.org\/politica-de-privacidad\/\" target=\"_blank\" rel=\"noopener\">pol\u00edtica de privacidad<\/a> de la web<\/li>\n<\/ul>\n<p>Tingui en compte que les dades que proporcioni en el present formulari es convertiran en informaci\u00f3 p\u00fablica, per la qual cosa ha de tenir especial cautela quan decideixi compartir la seva informaci\u00f3 personal.<\/p>\n<\/div><div class=\"fusion-clearfix\"><\/div><\/div><\/div><\/div><\/div>\n","protected":false},"excerpt":{"rendered":"","protected":false},"author":1,"featured_media":0,"parent":12632,"menu_order":200,"comment_status":"closed","ping_status":"closed","template":"","meta":{"footnotes":""},"categories":[],"tags":[],"class_list":["post-14706","page","type-page","status-publish","hentry"],"_links":{"self":[{"href":"https:\/\/www.icaib.org\/ca\/wp-json\/wp\/v2\/pages\/14706","targetHints":{"allow":["GET"]}}],"collection":[{"href":"https:\/\/www.icaib.org\/ca\/wp-json\/wp\/v2\/pages"}],"about":[{"href":"https:\/\/www.icaib.org\/ca\/wp-json\/wp\/v2\/types\/page"}],"author":[{"embeddable":true,"href":"https:\/\/www.icaib.org\/ca\/wp-json\/wp\/v2\/users\/1"}],"replies":[{"embeddable":true,"href":"https:\/\/www.icaib.org\/ca\/wp-json\/wp\/v2\/comments?post=14706"}],"version-history":[{"count":0,"href":"https:\/\/www.icaib.org\/ca\/wp-json\/wp\/v2\/pages\/14706\/revisions"}],"up":[{"embeddable":true,"href":"https:\/\/www.icaib.org\/ca\/wp-json\/wp\/v2\/pages\/12632"}],"wp:attachment":[{"href":"https:\/\/www.icaib.org\/ca\/wp-json\/wp\/v2\/media?parent=14706"}],"wp:term":[{"taxonomy":"category","embeddable":true,"href":"https:\/\/www.icaib.org\/ca\/wp-json\/wp\/v2\/categories?post=14706"},{"taxonomy":"post_tag","embeddable":true,"href":"https:\/\/www.icaib.org\/ca\/wp-json\/wp\/v2\/tags?post=14706"}],"curies":[{"name":"wp","href":"https:\/\/api.w.org\/{rel}","templated":true}]}}