{"id":15625,"date":"2016-01-29T10:27:35","date_gmt":"2016-01-29T09:27:35","guid":{"rendered":"https:\/\/www.icaib.org\/ca\/?page_id=15625"},"modified":"2025-09-09T14:15:03","modified_gmt":"2025-09-09T12:15:03","slug":"sales-i-despatxos","status":"publish","type":"page","link":"https:\/\/www.icaib.org\/ca\/sales-i-despatxos\/","title":{"rendered":"Sales i despatxos"},"content":{"rendered":"<div class=\"fusion-fullwidth fullwidth-box fusion-builder-row-1 hundred-percent-fullwidth non-hundred-percent-height-scrolling\" style=\"--awb-border-radius-top-left:0px;--awb-border-radius-top-right:0px;--awb-border-radius-bottom-right:0px;--awb-border-radius-bottom-left:0px;--awb-overflow:visible;--awb-flex-wrap:wrap;\" ><div class=\"fusion-builder-row fusion-row\"><div class=\"fusion-layout-column fusion_builder_column fusion-builder-column-0 fusion_builder_column_1_1 1_1 fusion-one-full fusion-column-first fusion-column-last fusion-column-no-min-height\" style=\"--awb-bg-size:cover;--awb-margin-bottom:0px;\"><div class=\"fusion-column-wrapper fusion-flex-column-wrapper-legacy\"><div class=\"fusion-text fusion-text-1\"><p><strong>SALES PER A REUNIONS PRESENCIALS<\/strong><\/p>\n<p>L&#8217;ICAIB disposa a totes les seus de diferents espais que posa a disposici\u00f3 dels col\u00b7legiats que, per circumst\u00e0ncies especials i\/o imprevistes, necessiten reunir-se amb els seus clients, de forma presencial, fora del seu despatx. Aquest servei s&#8217;ofereix en horari col\u00b7legial i \u00e9s gratu\u00eft, llevat dels sup\u00f2sits en qu\u00e8 el lletrat actu\u00ef en representaci\u00f3 d&#8217;una empresa o una entitat.<\/p>\n<p>Per tal de con\u00e8ixer la disponibilitat de sales en la data i hora fixada per a la reuni\u00f3 amb el client i facilitar l&#8217;\u00f2ptima gesti\u00f3 de les reserves, <strong>cal enviar, amb antelaci\u00f3 suficient, un correu electr\u00f2nic<\/strong> a l\u2019adre\u00e7a electr\u00f3nica corresponent a cada seu: <a href=\"mailto:andrea.torrens@icaib.com\">andrea.torrens@icaib.com<\/a> (seu Palma); <a href=\"mailto:manacor@icaib.com\">manacor@icaib.com<\/a> (Manacor); <a href=\"mailto:inca@icaib.com\">inca@icaib.com<\/a> (Inca); i <a href=\"mailto:menorca@icaib.com\">menorca@icaib.com<\/a> e <a href=\"mailto:eivissa@icaib.com\">eivissa@icaib.com<\/a> per, respectivament, les seus de Menorca i Eivissa.<\/p>\n<p>Al correu, s&#8217;haur\u00e0 d&#8217;especificar nom complet, n\u00famero de col\u00b7legiat, nombre de persones que hi assistiran i durada aproximada de la reuni\u00f3 (no obstant aix\u00f2, s&#8217;ha de tenir en compte que, per cobrir les possibles necessitats de reuni\u00f3 presencial de tots els col\u00b7legiats, els espais solen reservar-se, llevat de casos excepcionals, un m\u00e0xim d&#8217;una hora).<\/p>\n<p>Els horaris per a reserva de sala s\u00f3n:<\/p>\n<ul>\n<li>Palma, de dilluns a divendres de 08.00 a 15.00 hores i de dilluns a dijous de 16.00 a 18.00 hores.<\/li>\n<li>Seu dEivissa: de dilluns a divendres de 08.00 a 15.00 hores i els dilluns i dimecres, de 16.00 a 18.00 h.<\/li>\n<li>Seu de Menorca: de dilluns a divendres de 08.00 a 15.00 hores i dimarts i dijous, de 16.00 a 18.00 hores.<\/li>\n<li>Seus d&#8217;Inca i Manacor: de dilluns a divendres de 08.00 a 15.00 hores i els dimecres de 16.00 a 18.00 hores.<\/li>\n<\/ul>\n<p>(*). Durant el mes d&#8217;agost no hi haur\u00e0 servei de sales en horari d\u2019horabaixa.<\/p>\n<\/div><div class=\"fusion-text fusion-text-2\"><p>\n<strong>SALES VIRTUALS PER A REUNI\u00d3 DELS LLETRATS AMB ELS SEUS CLIENTS<\/strong><\/p>\n<p>L\u2019ICAIB ha posat en marxa un servei de sales virtuals perqu\u00e8 els lletrats puguin reunir-se amb els seus clients i \/ o companys de professi\u00f3 de forma telem\u00e0tica, a trav\u00e9s de la plataforma creada espec\u00edficament per a aix\u00f2, i amb plenes garanties de confidencialitat.<\/p>\n<p>El nou servei es canalitza a trav\u00e9s de l\u2019adre\u00e7a electr\u00f2nica andrea.torrens@icaib.org, en la qual els col\u00b7legiats hauran d\u2019especificar el dia exacte de la reuni\u00f3. El sol\u00b7licitant rebr\u00e0 a la seva adre\u00e7a electr\u00f2nica un usuari, una contrasenya i un enlla\u00e7 per a la videoconnexi\u00f3, aquest darrer d\u2019acc\u00e9s exclusiu per a l\u2019interessat i els seus clients.<\/p>\n<p>Els col\u00b7legiats han de tenir en compte, nom\u00e9s, els factors seg\u00fcents:<\/p>\n<ol>\n<li>El sol\u00b7licitant \u00e9s qui haur\u00e0 de proporcionar l\u2019enlla\u00e7 a les persones citades per a la videoreuni\u00f3 i indicar-les l\u2019hora de la mateixa.<\/li>\n<li>Tamb\u00e9 ser\u00e0 el lletrat el qui, a l\u2019hora indicada per ell, haur\u00e0 de ser el primer a connectar-se, per a la qual cosa se li demanar\u00e0 l\u2019usuari i la contrasenya assignats per a l\u2019administrador.<\/li>\n<li>\u00c9s important indicar b\u00e9 la data de la reuni\u00f3, at\u00e8s que les credencials s\u2019esborren a l\u2019endem\u00e0 de la data indicada en el correu de sol\u00b7licitud.<\/li>\n<\/ol>\n<p>Aquestes reunions podran dur-se a terme a qualsevol hora del dia indicat i no tenen l\u00edmit temporal de durada. La recomanaci\u00f3 \u00e9s que la trobada virtual no superi les deu persones, a fi de no generar problemes o interrupcions en la connexi\u00f3.<\/p>\n<\/div><div class=\"fusion-clearfix\"><\/div><\/div><\/div><\/div><\/div>\n","protected":false},"excerpt":{"rendered":"","protected":false},"author":1,"featured_media":0,"parent":0,"menu_order":200,"comment_status":"closed","ping_status":"closed","template":"","meta":{"footnotes":""},"categories":[],"tags":[],"class_list":["post-15625","page","type-page","status-publish","hentry"],"_links":{"self":[{"href":"https:\/\/www.icaib.org\/ca\/wp-json\/wp\/v2\/pages\/15625","targetHints":{"allow":["GET"]}}],"collection":[{"href":"https:\/\/www.icaib.org\/ca\/wp-json\/wp\/v2\/pages"}],"about":[{"href":"https:\/\/www.icaib.org\/ca\/wp-json\/wp\/v2\/types\/page"}],"author":[{"embeddable":true,"href":"https:\/\/www.icaib.org\/ca\/wp-json\/wp\/v2\/users\/1"}],"replies":[{"embeddable":true,"href":"https:\/\/www.icaib.org\/ca\/wp-json\/wp\/v2\/comments?post=15625"}],"version-history":[{"count":2,"href":"https:\/\/www.icaib.org\/ca\/wp-json\/wp\/v2\/pages\/15625\/revisions"}],"predecessor-version":[{"id":283351,"href":"https:\/\/www.icaib.org\/ca\/wp-json\/wp\/v2\/pages\/15625\/revisions\/283351"}],"wp:attachment":[{"href":"https:\/\/www.icaib.org\/ca\/wp-json\/wp\/v2\/media?parent=15625"}],"wp:term":[{"taxonomy":"category","embeddable":true,"href":"https:\/\/www.icaib.org\/ca\/wp-json\/wp\/v2\/categories?post=15625"},{"taxonomy":"post_tag","embeddable":true,"href":"https:\/\/www.icaib.org\/ca\/wp-json\/wp\/v2\/tags?post=15625"}],"curies":[{"name":"wp","href":"https:\/\/api.w.org\/{rel}","templated":true}]}}