{"id":170077,"date":"2022-03-29T09:03:08","date_gmt":"2022-03-29T07:03:08","guid":{"rendered":"https:\/\/www.icaib.org\/?page_id=170077"},"modified":"2022-03-29T09:03:09","modified_gmt":"2022-03-29T07:03:09","slug":"ucrania","status":"publish","type":"page","link":"https:\/\/www.icaib.org\/ca\/ucrania\/","title":{"rendered":"Ucrania"},"content":{"rendered":"<div class=\"fusion-fullwidth fullwidth-box fusion-builder-row-1 fusion-flex-container nonhundred-percent-fullwidth non-hundred-percent-height-scrolling\" style=\"--awb-border-radius-top-left:0px;--awb-border-radius-top-right:0px;--awb-border-radius-bottom-right:0px;--awb-border-radius-bottom-left:0px;--awb-flex-wrap:wrap;\" ><div class=\"fusion-builder-row fusion-row fusion-flex-align-items-flex-start fusion-flex-content-wrap\" style=\"max-width:1456px;margin-left: calc(-4% \/ 2 );margin-right: calc(-4% \/ 2 );\"><div class=\"fusion-layout-column fusion_builder_column fusion-builder-column-0 fusion_builder_column_1_1 1_1 fusion-flex-column\" style=\"--awb-bg-size:cover;--awb-width-large:100%;--awb-margin-top-large:0px;--awb-spacing-right-large:1.92%;--awb-margin-bottom-large:20px;--awb-spacing-left-large:1.92%;--awb-width-medium:100%;--awb-order-medium:0;--awb-spacing-right-medium:1.92%;--awb-spacing-left-medium:1.92%;--awb-width-small:100%;--awb-order-small:0;--awb-spacing-right-small:1.92%;--awb-spacing-left-small:1.92%;\"><div class=\"fusion-column-wrapper fusion-column-has-shadow fusion-flex-justify-content-flex-start fusion-content-layout-column\"><div class=\"fusion-recent-posts fusion-recent-posts-1 avada-container layout-default layout-columns-3\"><section class=\"fusion-columns columns fusion-columns-3 columns-3\"><article class=\"post fusion-column column col col-lg-4 col-md-4 col-sm-4\"><div class=\"recent-posts-content\"><span class=\"vcard\" style=\"display: none;\"><span class=\"fn\"><a href=\"https:\/\/www.icaib.org\/ca\/author\/07003ap\/\" title=\"Entrades de Alvaro P\u00e9rez\" rel=\"author\">Alvaro P\u00e9rez<\/a><\/span><\/span><span class=\"updated\" style=\"display:none;\">2022-04-04T10:17:31+02:00<\/span><h4 class=\"entry-title\"><a href=\"https:\/\/www.icaib.org\/ca\/guia-demergencia-per-atencio-a-les-families-desplacades-ducraina-fundacio-monti-sion-solidaria\/\">Guia d\u2019emerg\u00e8ncia per atenci\u00f3 a les fam\u00edlies despla\u00e7ades d\u2019Ucra\u00efna. Fundaci\u00f3 Monti-sion Solid\u00e0ria<\/a><\/h4><p class=\"meta\"><span class=\"vcard\" style=\"display: none;\"><span class=\"fn\"><a href=\"https:\/\/www.icaib.org\/ca\/author\/07003ap\/\" title=\"Entrades de Alvaro P\u00e9rez\" rel=\"author\">Alvaro P\u00e9rez<\/a><\/span><\/span><span class=\"updated\" style=\"display:none;\">2022-04-04T10:17:31+02:00<\/span><span>04\/04\/2022<\/span><span class=\"fusion-inline-sep\">|<\/span><span class=\"fusion-comments\"><span>Comentaris tancats<span class=\"screen-reader-text\"> a Guia d\u2019emerg\u00e8ncia per atenci\u00f3 a les fam\u00edlies despla\u00e7ades d\u2019Ucra\u00efna. Fundaci\u00f3 Monti-sion Solid\u00e0ria<\/span><\/span><\/span><\/p><p>La Fundaci\u00f3 Monti-sion Solid\u00e0ria ha editat una guia d'emerg\u00e8ncia per a l'atenci\u00f3 a les fam\u00edlies despla\u00e7ades d'Ucra\u00efna, un document molt complet que adjuntem al final d'aquestes l\u00ednie i que recull des de recomanacions dels experts [...]<\/p><\/div><\/article><article class=\"post fusion-column column col col-lg-4 col-md-4 col-sm-4\"><div class=\"recent-posts-content\"><span class=\"vcard\" style=\"display: none;\"><span class=\"fn\"><a href=\"https:\/\/www.icaib.org\/ca\/author\/07003ap\/\" title=\"Entrades de Alvaro P\u00e9rez\" rel=\"author\">Alvaro P\u00e9rez<\/a><\/span><\/span><span class=\"updated\" style=\"display:none;\">2022-04-04T10:11:06+02:00<\/span><h4 class=\"entry-title\"><a href=\"https:\/\/www.icaib.org\/ca\/guies-formularis-instruccions-normativa-i-altres-eines-dinformacio-i-proteccio-per-a-les-persones-desplacades-ducraina\/\">Guies, formularis, instruccions, normativa i altres eines d&#8217;informaci\u00f3 i protecci\u00f3 per a les persones despla\u00e7ades d&#8217;Ucra\u00efna<\/a><\/h4><p class=\"meta\"><span class=\"vcard\" style=\"display: none;\"><span class=\"fn\"><a href=\"https:\/\/www.icaib.org\/ca\/author\/07003ap\/\" title=\"Entrades de Alvaro P\u00e9rez\" rel=\"author\">Alvaro P\u00e9rez<\/a><\/span><\/span><span class=\"updated\" style=\"display:none;\">2022-04-04T10:11:06+02:00<\/span><span>28\/03\/2022<\/span><span class=\"fusion-inline-sep\">|<\/span><span class=\"fusion-comments\"><span>Comentaris tancats<span class=\"screen-reader-text\"> a Guies, formularis, instruccions, normativa i altres eines d&#8217;informaci\u00f3 i protecci\u00f3 per a les persones despla\u00e7ades d&#8217;Ucra\u00efna<\/span><\/span><\/span><\/p><p>S'adjunten al final d'aquestes l\u00ednies les guies elaborades per diferents organismes amb informaci\u00f3 de gran inter\u00e8s i utilitat per a les persones despla\u00e7ades d'Ucra\u00efna, aix\u00ed com diferents normatives i instruccions relacionades amb el mecanisme de [...]<\/p><\/div><\/article><article class=\"post fusion-column column col col-lg-4 col-md-4 col-sm-4\"><div class=\"recent-posts-content\"><span class=\"vcard\" style=\"display: none;\"><span class=\"fn\"><a href=\"https:\/\/www.icaib.org\/ca\/author\/07003ap\/\" title=\"Entrades de Alvaro P\u00e9rez\" rel=\"author\">Alvaro P\u00e9rez<\/a><\/span><\/span><span class=\"updated\" style=\"display:none;\">2022-03-28T12:31:17+02:00<\/span><h4 class=\"entry-title\"><a href=\"https:\/\/www.icaib.org\/ca\/el-consell-de-mallorca-habilita-el-telefon-900-100-444-per-coordinar-els-acolliments-familiars-de-persones-desplacades-ducraina\/\">El Consell de Mallorca habilita el tel\u00e8fon 900 100 444 per coordinar els acolliments familiars de persones despla\u00e7ades d&#8217;Ucra\u00efna<\/a><\/h4><p class=\"meta\"><span class=\"vcard\" style=\"display: none;\"><span class=\"fn\"><a href=\"https:\/\/www.icaib.org\/ca\/author\/07003ap\/\" title=\"Entrades de Alvaro P\u00e9rez\" rel=\"author\">Alvaro P\u00e9rez<\/a><\/span><\/span><span class=\"updated\" style=\"display:none;\">2022-03-28T12:31:17+02:00<\/span><span>28\/03\/2022<\/span><span class=\"fusion-inline-sep\">|<\/span><span class=\"fusion-comments\"><span>Comentaris tancats<span class=\"screen-reader-text\"> a El Consell de Mallorca habilita el tel\u00e8fon 900 100 444 per coordinar els acolliments familiars de persones despla\u00e7ades d&#8217;Ucra\u00efna<\/span><\/span><\/span><\/p><p>El Consell de Mallorca ha habilitat el tel\u00e8fon 900.100.444 per coordinar els processos d\u2019acolliment familiar a l\u2019illa de persones despla\u00e7ades d\u2019Ucra\u00efna, \"en coordinaci\u00f3 amb el pla estatal\". Aquesta l\u00ednia telef\u00f2nica, que ser\u00e0 atesa per educadors, [...]<\/p><\/div><\/article><article class=\"post fusion-column column col col-lg-4 col-md-4 col-sm-4\"><div class=\"recent-posts-content\"><span class=\"vcard\" style=\"display: none;\"><span class=\"fn\"><a href=\"https:\/\/www.icaib.org\/ca\/author\/07003ap\/\" title=\"Entrades de Alvaro P\u00e9rez\" rel=\"author\">Alvaro P\u00e9rez<\/a><\/span><\/span><span class=\"updated\" style=\"display:none;\">2022-03-25T12:42:34+01:00<\/span><h4 class=\"entry-title\"><a href=\"https:\/\/www.icaib.org\/ca\/ucraniaicaib-org-correu-electronic-per-sollicitar-orientacio-legal-per-a-persones-desplacades-ducraina\/\">ucrania@icaib.org : correu electr\u00f2nic per sol\u00b7licitar orientaci\u00f3 legal per a persones despla\u00e7ades d&#8217;Ucra\u00efna<\/a><\/h4><p class=\"meta\"><span class=\"vcard\" style=\"display: none;\"><span class=\"fn\"><a href=\"https:\/\/www.icaib.org\/ca\/author\/07003ap\/\" title=\"Entrades de Alvaro P\u00e9rez\" rel=\"author\">Alvaro P\u00e9rez<\/a><\/span><\/span><span class=\"updated\" style=\"display:none;\">2022-03-25T12:42:34+01:00<\/span><span>25\/03\/2022<\/span><span class=\"fusion-inline-sep\">|<\/span><span class=\"fusion-comments\"><span>Comentaris tancats<span class=\"screen-reader-text\"> a ucrania@icaib.org : correu electr\u00f2nic per sol\u00b7licitar orientaci\u00f3 legal per a persones despla\u00e7ades d&#8217;Ucra\u00efna<\/span><\/span><\/span><\/p><p>Recordem que el Col\u00b7legi d'Advocats ha activat el compte de correu electr\u00f2nic ucrania@icaib.org per canalitzar les possibles sol\u00b7licituds d'orientaci\u00f3 legal de les persones despla\u00e7ades d'Ucra\u00efna, que seran ateses pels lletrats que s'han inscrit volunt\u00e0riament al [...]<\/p><\/div><\/article><article class=\"post fusion-column column col col-lg-4 col-md-4 col-sm-4\"><div class=\"recent-posts-content\"><span class=\"vcard\" style=\"display: none;\"><span class=\"fn\"><a href=\"https:\/\/www.icaib.org\/ca\/author\/07003ap\/\" title=\"Entrades de Alvaro P\u00e9rez\" rel=\"author\">Alvaro P\u00e9rez<\/a><\/span><\/span><span class=\"updated\" style=\"display:none;\">2022-03-21T10:31:50+01:00<\/span><h4 class=\"entry-title\"><a href=\"https:\/\/www.icaib.org\/ca\/nova-guia-dinteres-sobre-proteccio-de-persones-refugiades-ducraina\/\">Nova guia d\u00b4inter\u00e8s sobre protecci\u00f3 de persones refugiades d\u00b4Ucra\u00efna<\/a><\/h4><p class=\"meta\"><span class=\"vcard\" style=\"display: none;\"><span class=\"fn\"><a href=\"https:\/\/www.icaib.org\/ca\/author\/07003ap\/\" title=\"Entrades de Alvaro P\u00e9rez\" rel=\"author\">Alvaro P\u00e9rez<\/a><\/span><\/span><span class=\"updated\" style=\"display:none;\">2022-03-21T10:31:50+01:00<\/span><span>21\/03\/2022<\/span><span class=\"fusion-inline-sep\">|<\/span><span class=\"fusion-comments\"><span>Comentaris tancats<span class=\"screen-reader-text\"> a Nova guia d\u00b4inter\u00e8s sobre protecci\u00f3 de persones refugiades d\u00b4Ucra\u00efna<\/span><\/span><\/span><\/p><p>S'adjunta al final d'aquestes l\u00ednies el document elaborat per l'Oficina d'Asil i Refugi del Ministeri de l'Interior amb informaci\u00f3 de gran inter\u00e8s sobre els tr\u00e0mits i la forma de sol\u00b7licitar l'acc\u00e9s a la protecci\u00f3 temporal [...]<\/p><\/div><\/article><article class=\"post fusion-column column col col-lg-4 col-md-4 col-sm-4\"><div class=\"recent-posts-content\"><span class=\"vcard\" style=\"display: none;\"><span class=\"fn\"><a href=\"https:\/\/www.icaib.org\/ca\/author\/07003ap\/\" title=\"Entrades de Alvaro P\u00e9rez\" rel=\"author\">Alvaro P\u00e9rez<\/a><\/span><\/span><span class=\"updated\" style=\"display:none;\">2022-03-15T11:30:38+01:00<\/span><h4 class=\"entry-title\"><a href=\"https:\/\/www.icaib.org\/ca\/sol%c2%b7licitud-de-lletrats-voluntaris-per-a-servei-pro-bono-dorientacio-legal-a-ciutadans-ucrainesos-que-arribin-a-les-illes-balears-ucraniaicaib-org\/\">Sol\u00b7licitud de lletrats voluntaris per a servei pro bono d&#8217;orientaci\u00f3 legal a ciutadans ucra\u00efnesos que arribin a les Illes Balears (ucrania@icaib.org)<\/a><\/h4><p class=\"meta\"><span class=\"vcard\" style=\"display: none;\"><span class=\"fn\"><a href=\"https:\/\/www.icaib.org\/ca\/author\/07003ap\/\" title=\"Entrades de Alvaro P\u00e9rez\" rel=\"author\">Alvaro P\u00e9rez<\/a><\/span><\/span><span class=\"updated\" style=\"display:none;\">2022-03-15T11:30:38+01:00<\/span><span>15\/03\/2022<\/span><span class=\"fusion-inline-sep\">|<\/span><span class=\"fusion-comments\"><span>Comentaris tancats<span class=\"screen-reader-text\"> a Sol\u00b7licitud de lletrats voluntaris per a servei pro bono d&#8217;orientaci\u00f3 legal a ciutadans ucra\u00efnesos que arribin a les Illes Balears (ucrania@icaib.org)<\/span><\/span><\/span><\/p><p>La Junta de Govern de l'ICAIB ha acordat activar un servei especial pro bono d'assessorament legal per als ciutadans despla\u00e7ats des d'Ucra\u00efna que arribin a les illes fugint de la guerra, aix\u00ed com per als [...]<\/p><\/div><\/article><article class=\"post fusion-column column col col-lg-4 col-md-4 col-sm-4\"><div class=\"recent-posts-content\"><span class=\"vcard\" style=\"display: none;\"><span class=\"fn\"><a href=\"https:\/\/www.icaib.org\/ca\/author\/07003ap\/\" title=\"Entrades de Alvaro P\u00e9rez\" rel=\"author\">Alvaro P\u00e9rez<\/a><\/span><\/span><span class=\"updated\" style=\"display:none;\">2022-03-11T13:22:27+01:00<\/span><h4 class=\"entry-title\"><a href=\"https:\/\/www.icaib.org\/ca\/guies-i-eines-dinformacio-per-a-les-persones-desplacades-ducraina\/\">Guies i eines d&#8217;informaci\u00f3 per a les persones despla\u00e7ades d&#8217;Ucra\u00efna<\/a><\/h4><p class=\"meta\"><span class=\"vcard\" style=\"display: none;\"><span class=\"fn\"><a href=\"https:\/\/www.icaib.org\/ca\/author\/07003ap\/\" title=\"Entrades de Alvaro P\u00e9rez\" rel=\"author\">Alvaro P\u00e9rez<\/a><\/span><\/span><span class=\"updated\" style=\"display:none;\">2022-03-11T13:22:27+01:00<\/span><span>11\/03\/2022<\/span><span class=\"fusion-inline-sep\">|<\/span><span class=\"fusion-comments\"><span>Comentaris tancats<span class=\"screen-reader-text\"> a Guies i eines d&#8217;informaci\u00f3 per a les persones despla\u00e7ades d&#8217;Ucra\u00efna<\/span><\/span><\/span><\/p><p>S'adjunten al final d'aquestes l\u00ednies les guies elaborades pel Consell General de l'Advocacia Espanyola i pel Ministeri d'Inclusi\u00f3 Migracions i Seguretat Social, en les quals s'inclou diversa informaci\u00f3 d'inter\u00e8s per a les persones despla\u00e7ades d'Ucra\u00efna. [...]<\/p><\/div><\/article><article class=\"post fusion-column column col col-lg-4 col-md-4 col-sm-4\"><div class=\"recent-posts-content\"><span class=\"vcard\" style=\"display: none;\"><span class=\"fn\"><a href=\"https:\/\/www.icaib.org\/ca\/author\/07003ap\/\" title=\"Entrades de Alvaro P\u00e9rez\" rel=\"author\">Alvaro P\u00e9rez<\/a><\/span><\/span><span class=\"updated\" style=\"display:none;\">2022-03-15T13:57:02+01:00<\/span><h4 class=\"entry-title\"><a href=\"https:\/\/www.icaib.org\/ca\/activat-el-procediment-perque-les-persones-desplacades-ducraina-puguin-accedir-de-manera-agil-al-reconeixement-de-la-proteccio-temporal\/\">Activat el procediment perqu\u00e8 les persones despla\u00e7ades d&#8217;Ucra\u00efna puguin accedir, de manera \u00e0gil, al reconeixement de la protecci\u00f3 temporal<\/a><\/h4><p class=\"meta\"><span class=\"vcard\" style=\"display: none;\"><span class=\"fn\"><a href=\"https:\/\/www.icaib.org\/ca\/author\/07003ap\/\" title=\"Entrades de Alvaro P\u00e9rez\" rel=\"author\">Alvaro P\u00e9rez<\/a><\/span><\/span><span class=\"updated\" style=\"display:none;\">2022-03-15T13:57:02+01:00<\/span><span>11\/03\/2022<\/span><span class=\"fusion-inline-sep\">|<\/span><span class=\"fusion-comments\"><span>Comentaris tancats<span class=\"screen-reader-text\"> a Activat el procediment perqu\u00e8 les persones despla\u00e7ades d&#8217;Ucra\u00efna puguin accedir, de manera \u00e0gil, al reconeixement de la protecci\u00f3 temporal<\/span><\/span><\/span><\/p><p>S'adjunta al final d'aquestes l\u00ednies l'Ordre PCM\/169\/2022, de 9 de mar\u00e7, per la qual es desenvolupa el procediment per al reconeixement de la protecci\u00f3 temporal a persones afectades pel conflicte a Ucra\u00efna, sistema que, des [...]<\/p><\/div><\/article><article class=\"post fusion-column column col col-lg-4 col-md-4 col-sm-4\"><div class=\"recent-posts-content\"><span class=\"vcard\" style=\"display: none;\"><span class=\"fn\"><a href=\"https:\/\/www.icaib.org\/ca\/author\/07003ap\/\" title=\"Entrades de Alvaro P\u00e9rez\" rel=\"author\">Alvaro P\u00e9rez<\/a><\/span><\/span><span class=\"updated\" style=\"display:none;\">2022-05-05T10:54:35+02:00<\/span><h4 class=\"entry-title\"><a href=\"https:\/\/www.icaib.org\/ca\/licaib-se-suma-a-la-condemna-de-la-invasio-militar-ducraina-per-russia\/\">L&#8217;ICAIB se suma a la condemna de la invasi\u00f3 militar d&#8217;Ucra\u00efna per R\u00fassia<\/a><\/h4><p class=\"meta\"><span class=\"vcard\" style=\"display: none;\"><span class=\"fn\"><a href=\"https:\/\/www.icaib.org\/ca\/author\/07003ap\/\" title=\"Entrades de Alvaro P\u00e9rez\" rel=\"author\">Alvaro P\u00e9rez<\/a><\/span><\/span><span class=\"updated\" style=\"display:none;\">2022-05-05T10:54:35+02:00<\/span><span>25\/02\/2022<\/span><span class=\"fusion-inline-sep\">|<\/span><span class=\"fusion-comments\"><span>Comentaris tancats<span class=\"screen-reader-text\"> a L&#8217;ICAIB se suma a la condemna de la invasi\u00f3 militar d&#8217;Ucra\u00efna per R\u00fassia<\/span><\/span><\/span><\/p><p>La Junta de Govern de l'ICAIB vol expressar la seva m\u00e9s en\u00e8rgica i ferma condemna de la invasi\u00f3 militar iniciada per R\u00fassia a Ucra\u00efna, que viola les regles m\u00e9s elementals del Dret Internacional i que [...]<\/p><\/div><\/article><\/section><\/div><\/div><\/div><\/div><\/div>\n","protected":false},"excerpt":{"rendered":"","protected":false},"author":1,"featured_media":0,"parent":0,"menu_order":999,"comment_status":"closed","ping_status":"closed","template":"","meta":{"footnotes":""},"categories":[],"tags":[],"class_list":["post-170077","page","type-page","status-publish","hentry"],"_links":{"self":[{"href":"https:\/\/www.icaib.org\/ca\/wp-json\/wp\/v2\/pages\/170077","targetHints":{"allow":["GET"]}}],"collection":[{"href":"https:\/\/www.icaib.org\/ca\/wp-json\/wp\/v2\/pages"}],"about":[{"href":"https:\/\/www.icaib.org\/ca\/wp-json\/wp\/v2\/types\/page"}],"author":[{"embeddable":true,"href":"https:\/\/www.icaib.org\/ca\/wp-json\/wp\/v2\/users\/1"}],"replies":[{"embeddable":true,"href":"https:\/\/www.icaib.org\/ca\/wp-json\/wp\/v2\/comments?post=170077"}],"version-history":[{"count":0,"href":"https:\/\/www.icaib.org\/ca\/wp-json\/wp\/v2\/pages\/170077\/revisions"}],"wp:attachment":[{"href":"https:\/\/www.icaib.org\/ca\/wp-json\/wp\/v2\/media?parent=170077"}],"wp:term":[{"taxonomy":"category","embeddable":true,"href":"https:\/\/www.icaib.org\/ca\/wp-json\/wp\/v2\/categories?post=170077"},{"taxonomy":"post_tag","embeddable":true,"href":"https:\/\/www.icaib.org\/ca\/wp-json\/wp\/v2\/tags?post=170077"}],"curies":[{"name":"wp","href":"https:\/\/api.w.org\/{rel}","templated":true}]}}