{"id":257081,"date":"2024-10-28T10:15:34","date_gmt":"2024-10-28T09:15:34","guid":{"rendered":"https:\/\/www.icaib.org\/?page_id=257081"},"modified":"2024-10-28T10:15:36","modified_gmt":"2024-10-28T09:15:36","slug":"butlletins","status":"publish","type":"page","link":"https:\/\/www.icaib.org\/ca\/butlletins\/","title":{"rendered":"Butlletins"},"content":{"rendered":"  \n  \n  <div class=\"\n    mailpoet_form_popup_overlay\n      \"><\/div>\n  <div\n    id=\"mailpoet_form_7\"\n    class=\"\n      mailpoet_form\n      mailpoet_form_html\n      mailpoet_form_position_\n      mailpoet_form_animation_\n    \"\n      >\n\n    <style type=\"text\/css\">\n     #mailpoet_form_7 .mailpoet_form {  }\n#mailpoet_form_7 form { margin-bottom: 0; }\n#mailpoet_form_7 p.mailpoet_form_paragraph { margin-bottom: 10px; }\n#mailpoet_form_7 .mailpoet_column_with_background { padding: 10px; }\n#mailpoet_form_7 .mailpoet_form_column:not(:first-child) { margin-left: 20px; }\n#mailpoet_form_7 .mailpoet_paragraph { line-height: 20px; margin-bottom: 20px; }\n#mailpoet_form_7 .mailpoet_segment_label, #mailpoet_form_7 .mailpoet_text_label, #mailpoet_form_7 .mailpoet_textarea_label, #mailpoet_form_7 .mailpoet_select_label, #mailpoet_form_7 .mailpoet_radio_label, #mailpoet_form_7 .mailpoet_checkbox_label, #mailpoet_form_7 .mailpoet_list_label, #mailpoet_form_7 .mailpoet_date_label { display: block; font-weight: normal; }\n#mailpoet_form_7 .mailpoet_text, #mailpoet_form_7 .mailpoet_textarea, #mailpoet_form_7 .mailpoet_select, #mailpoet_form_7 .mailpoet_date_month, #mailpoet_form_7 .mailpoet_date_day, #mailpoet_form_7 .mailpoet_date_year, #mailpoet_form_7 .mailpoet_date { display: block; }\n#mailpoet_form_7 .mailpoet_text, #mailpoet_form_7 .mailpoet_textarea { width: 200px; }\n#mailpoet_form_7 .mailpoet_checkbox {  }\n#mailpoet_form_7 .mailpoet_submit {  }\n#mailpoet_form_7 .mailpoet_divider {  }\n#mailpoet_form_7 .mailpoet_message {  }\n#mailpoet_form_7 .mailpoet_form_loading { width: 30px; text-align: center; line-height: normal; }\n#mailpoet_form_7 .mailpoet_form_loading > span { width: 5px; height: 5px; background-color: #5b5b5b; }#mailpoet_form_7{border-radius: 0px;text-align: left;}#mailpoet_form_7 form.mailpoet_form {padding: 25px;}#mailpoet_form_7{width: 100%;}#mailpoet_form_7 .mailpoet_message {margin: 0; padding: 0 20px;}\n        #mailpoet_form_7 .mailpoet_validate_success {color: #00d084}\n        #mailpoet_form_7 input.parsley-success {color: #00d084}\n        #mailpoet_form_7 select.parsley-success {color: #00d084}\n        #mailpoet_form_7 textarea.parsley-success {color: #00d084}\n      \n        #mailpoet_form_7 .mailpoet_validate_error {color: #cf2e2e}\n        #mailpoet_form_7 input.parsley-error {color: #cf2e2e}\n        #mailpoet_form_7 select.parsley-error {color: #cf2e2e}\n        #mailpoet_form_7 textarea.textarea.parsley-error {color: #cf2e2e}\n        #mailpoet_form_7 .parsley-errors-list {color: #cf2e2e}\n        #mailpoet_form_7 .parsley-required {color: #cf2e2e}\n        #mailpoet_form_7 .parsley-custom-error-message {color: #cf2e2e}\n      #mailpoet_form_7 .mailpoet_paragraph.last {margin-bottom: 0} @media (max-width: 500px) {#mailpoet_form_7 {background-image: none;}} @media (min-width: 500px) {#mailpoet_form_7 .last .mailpoet_paragraph:last-child {margin-bottom: 0}}  @media (max-width: 500px) {#mailpoet_form_7 .mailpoet_form_column:last-child .mailpoet_paragraph:last-child {margin-bottom: 0}} \n    <\/style>\n\n    <form\n      target=\"_self\"\n      method=\"post\"\n      action=\"https:\/\/www.icaib.org\/wp-admin\/admin-post.php?action=mailpoet_subscription_form\"\n      class=\"mailpoet_form mailpoet_form_form mailpoet_form_html\"\n      novalidate\n      data-delay=\"\"\n      data-exit-intent-enabled=\"\"\n      data-font-family=\"\"\n      data-cookie-expiration-time=\"\"\n    >\n      <input type=\"hidden\" name=\"data[form_id]\" value=\"7\" \/>\n      <input type=\"hidden\" name=\"token\" value=\"e26b419a8b\" \/>\n      <input type=\"hidden\" name=\"api_version\" value=\"v1\" \/>\n      <input type=\"hidden\" name=\"endpoint\" value=\"subscribers\" \/>\n      <input type=\"hidden\" name=\"mailpoet_method\" value=\"subscribe\" \/>\n\n      <label class=\"mailpoet_hp_email_label\" style=\"display: none !important;\">Deixa aquest camp buit<input type=\"email\" name=\"data[email]\"\/><\/label><div class='mailpoet_form_columns_container'><div class=\"mailpoet_form_columns mailpoet_paragraph mailpoet_vertically_align_center mailpoet_stack_on_mobile\"><div class=\"mailpoet_form_column mailpoet_vertically_align_center\" style=\"flex-basis:50%;\"><h3 class=\"mailpoet-heading  mailpoet-has-font-size\" id=\"block-heading_0.05691231782049089-1595515365731\" style=\"text-align: left; color: #0081ff; font-size: 25px; line-height: 1.5\"><strong>Subscrigui&#8217;s al nostre butllet\u00ed de not\u00edcies<\/strong><\/h3>\n<p class=\"mailpoet_form_paragraph  mailpoet-has-font-size\" style=\"text-align: left; color: #000000; font-size: 18px; line-height: 1.5\"><strong>Registra&#8217;t per a rebre contingut interessant en la teva safata d&#8217;entrada, cada setmana.<\/strong><\/p>\n<p class=\"mailpoet_form_paragraph  mailpoet-has-font-size\" style=\"text-align: left; font-size: 13px; line-height: 1.5\"><em>No fem\u00a0spam!\u00a0Llegeix la nostra <a href=\"https:\/\/www.icaib.org\/politica-de-privacidad\/\">pol\u00edtica de privacitat <\/a>per a obtenir m\u00e9s informaci\u00f3.<\/em><\/p>\n<\/div>\n<div class=\"mailpoet_form_column mailpoet_vertically_align_center\" style=\"flex-basis:50%;\"><div class=\"mailpoet_paragraph \"><input type=\"email\" autocomplete=\"email\" class=\"mailpoet_text\" id=\"form_email_7\" name=\"data[form_field_NjlkZTk0MWM5MGFhX2VtYWls]\" title=\"correu electr\u00f2nic\" value=\"\" style=\"width:100%;box-sizing:border-box;background-color:#f1f1f1;border-style:solid;border-radius:40px !important;border-width:0px;border-color:#313131;padding:15px;margin: 0 auto 0 0;font-family:&#039;Montserrat&#039;;font-size:16px;line-height:1.5;height:auto;\" data-automation-id=\"form_email\"  placeholder=\"correu electr\u00f2nic *\" aria-label=\"correu electr\u00f2nic *\" data-parsley-errors-container=\".mailpoet_error_1og2o\" data-parsley-required=\"true\" required aria-required=\"true\" data-parsley-minlength=\"6\" data-parsley-maxlength=\"150\" data-parsley-type-message=\"Aquest valor ha de ser un correu electr\u00f2nic v\u00e0lid.\" data-parsley-required-message=\"Aquest camp \u00e9s obligatori.\"\/><span class=\"mailpoet_error_1og2o\"><\/span><\/div>\n<div class=\"mailpoet_paragraph \"><input type=\"submit\" class=\"mailpoet_submit\" value=\"Subscriure\" data-automation-id=\"subscribe-submit-button\" data-font-family='Montserrat' style=\"width:100%;box-sizing:border-box;background-color:#0081ff;border-style:solid;border-radius:40px !important;border-width:0px;border-color:#313131;padding:15px;margin: 0 auto 0 0;font-family:&#039;Montserrat&#039;;font-size:16px;line-height:1.5;height:auto;color:#ffffff;font-weight:bold;\" \/><span class=\"mailpoet_form_loading\"><span class=\"mailpoet_bounce1\"><\/span><span class=\"mailpoet_bounce2\"><\/span><span class=\"mailpoet_bounce3\"><\/span><\/span><\/div>\n<\/div>\n<\/div><\/div>\n<div class='mailpoet_form_columns_container'><div class=\"mailpoet_form_columns mailpoet_paragraph mailpoet_stack_on_mobile\"><div class=\"mailpoet_form_column\"><p class=\"mailpoet_form_paragraph  mailpoet-has-font-size\" style=\"text-align: left; font-size: 12px\"><strong>Abans de subscriure&#8217;s als nostres butlletins, ha de llegir la Informaci\u00f3 b\u00e0sica sobre protecci\u00f3 de dades que es troba\u00a0m\u00e9s a baix<\/strong>Abans de subscriure&#8217;s als nostres butlletins, ha de llegir la Informaci\u00f3 b\u00e0sica sobre protecci\u00f3 de dades que es troba m\u00e9s a baix. En pr\u00e9mer el bot\u00f3 d&#8217;enviament manifesta haver llegit aquesta informaci\u00f3.<\/p>\n<p class=\"mailpoet_form_paragraph \" style=\"text-align: left\">Informaci\u00f3 b\u00e0sica sobre privacitat<br>Responsable: Il\u00b7lustre Col\u00b7legi d&#8217;Advocats de les Illes Balears.<br>Finalitat: Enviament dels nostres butlletins; Administraci\u00f3 i gesti\u00f3 de la seguretat de la web; Fins estad\u00edstics i de gesti\u00f3 de qualitat de la web.<br>Drets: T\u00e9 dret a accedir, rectificar i suprimir les dades, aix\u00ed com altres drets com s&#8217;explica en la informaci\u00f3 addicional.<br>Informaci\u00f3 addicional: Pot consultar informaci\u00f3 addicional i detallada sobre Protecci\u00f3 de Dades en la <a href=\"https:\/\/www.icaib.org\/politica-de-privacidad\/\">pol\u00edtica de privacitat de la web<\/a><\/p>\n<\/div>\n<\/div><\/div>\n\n      <div class=\"mailpoet_message\">\n        <p class=\"mailpoet_validate_success\"\n                style=\"display:none;\"\n                >Revisa tu bandeja de entrada o la carpeta de spam para confirmar tu suscripci\u00f3n.\n        <\/p>\n        <p class=\"mailpoet_validate_error\"\n                style=\"display:none;\"\n                >        <\/p>\n      <\/div>\n    <\/form>\n\n      <\/div>\n\n  \n\n\n<hr class=\"wp-block-separator has-alpha-channel-opacity\"\/>\n\n\n  \n  \n  <div class=\"\n    mailpoet_form_popup_overlay\n      \"><\/div>\n  <div\n    id=\"mailpoet_form_8\"\n    class=\"\n      mailpoet_form\n      mailpoet_form_html\n      mailpoet_form_position_\n      mailpoet_form_animation_\n    \"\n      >\n\n    <style type=\"text\/css\">\n     #mailpoet_form_8 .mailpoet_form {  }\n#mailpoet_form_8 form { margin-bottom: 0; }\n#mailpoet_form_8 p.mailpoet_form_paragraph { margin-bottom: 10px; }\n#mailpoet_form_8 .mailpoet_column_with_background { padding: 10px; }\n#mailpoet_form_8 .mailpoet_form_column:not(:first-child) { margin-left: 20px; }\n#mailpoet_form_8 .mailpoet_paragraph { line-height: 20px; margin-bottom: 20px; }\n#mailpoet_form_8 .mailpoet_segment_label, #mailpoet_form_8 .mailpoet_text_label, #mailpoet_form_8 .mailpoet_textarea_label, #mailpoet_form_8 .mailpoet_select_label, #mailpoet_form_8 .mailpoet_radio_label, #mailpoet_form_8 .mailpoet_checkbox_label, #mailpoet_form_8 .mailpoet_list_label, #mailpoet_form_8 .mailpoet_date_label { display: block; font-weight: normal; }\n#mailpoet_form_8 .mailpoet_text, #mailpoet_form_8 .mailpoet_textarea, #mailpoet_form_8 .mailpoet_select, #mailpoet_form_8 .mailpoet_date_month, #mailpoet_form_8 .mailpoet_date_day, #mailpoet_form_8 .mailpoet_date_year, #mailpoet_form_8 .mailpoet_date { display: block; }\n#mailpoet_form_8 .mailpoet_text, #mailpoet_form_8 .mailpoet_textarea { width: 200px; }\n#mailpoet_form_8 .mailpoet_checkbox {  }\n#mailpoet_form_8 .mailpoet_submit {  }\n#mailpoet_form_8 .mailpoet_divider {  }\n#mailpoet_form_8 .mailpoet_message {  }\n#mailpoet_form_8 .mailpoet_form_loading { width: 30px; text-align: center; line-height: normal; }\n#mailpoet_form_8 .mailpoet_form_loading > span { width: 5px; height: 5px; background-color: #5b5b5b; }#mailpoet_form_8{border-radius: 0px;text-align: left;}#mailpoet_form_8 form.mailpoet_form {padding: 25px;}#mailpoet_form_8{width: 100%;}#mailpoet_form_8 .mailpoet_message {margin: 0; padding: 0 20px;}\n        #mailpoet_form_8 .mailpoet_validate_success {color: #00d084}\n        #mailpoet_form_8 input.parsley-success {color: #00d084}\n        #mailpoet_form_8 select.parsley-success {color: #00d084}\n        #mailpoet_form_8 textarea.parsley-success {color: #00d084}\n      \n        #mailpoet_form_8 .mailpoet_validate_error {color: #cf2e2e}\n        #mailpoet_form_8 input.parsley-error {color: #cf2e2e}\n        #mailpoet_form_8 select.parsley-error {color: #cf2e2e}\n        #mailpoet_form_8 textarea.textarea.parsley-error {color: #cf2e2e}\n        #mailpoet_form_8 .parsley-errors-list {color: #cf2e2e}\n        #mailpoet_form_8 .parsley-required {color: #cf2e2e}\n        #mailpoet_form_8 .parsley-custom-error-message {color: #cf2e2e}\n      #mailpoet_form_8 .mailpoet_paragraph.last {margin-bottom: 0} @media (max-width: 500px) {#mailpoet_form_8 {background-image: none;}} @media (min-width: 500px) {#mailpoet_form_8 .last .mailpoet_paragraph:last-child {margin-bottom: 0}}  @media (max-width: 500px) {#mailpoet_form_8 .mailpoet_form_column:last-child .mailpoet_paragraph:last-child {margin-bottom: 0}} \n    <\/style>\n\n    <form\n      target=\"_self\"\n      method=\"post\"\n      action=\"https:\/\/www.icaib.org\/wp-admin\/admin-post.php?action=mailpoet_subscription_form\"\n      class=\"mailpoet_form mailpoet_form_form mailpoet_form_html\"\n      novalidate\n      data-delay=\"\"\n      data-exit-intent-enabled=\"\"\n      data-font-family=\"\"\n      data-cookie-expiration-time=\"\"\n    >\n      <input type=\"hidden\" name=\"data[form_id]\" value=\"8\" \/>\n      <input type=\"hidden\" name=\"token\" value=\"e26b419a8b\" \/>\n      <input type=\"hidden\" name=\"api_version\" value=\"v1\" \/>\n      <input type=\"hidden\" name=\"endpoint\" value=\"subscribers\" \/>\n      <input type=\"hidden\" name=\"mailpoet_method\" value=\"subscribe\" \/>\n\n      <label class=\"mailpoet_hp_email_label\" style=\"display: none !important;\">Deixa aquest camp buit<input type=\"email\" name=\"data[email]\"\/><\/label><div class='mailpoet_form_columns_container'><div class=\"mailpoet_form_columns mailpoet_paragraph mailpoet_vertically_align_center mailpoet_stack_on_mobile\"><div class=\"mailpoet_form_column mailpoet_vertically_align_center\" style=\"flex-basis:50%;\"><h3 class=\"mailpoet-heading  mailpoet-has-font-size\" id=\"block-heading_0.05691231782049089-1595515365731\" style=\"text-align: left; color: #0081ff; font-size: 25px; line-height: 1.5\"><strong>Subscrigui&#8217;s al nostre butllet\u00ed de formaci\u00f3<\/strong><\/h3>\n<p class=\"mailpoet_form_paragraph  mailpoet-has-font-size\" style=\"text-align: left; color: #000000; font-size: 18px; line-height: 1.5\"><strong>Registra&#8217;t per a rebre contingut interessant en la teva safata d&#8217;entrada, cada setmana.<\/strong><\/p>\n<p class=\"mailpoet_form_paragraph  mailpoet-has-font-size\" style=\"text-align: left; font-size: 13px; line-height: 1.5\"><em>No fem\u00a0spam!\u00a0Llegeix la nostra <a href=\"https:\/\/www.icaib.org\/politica-de-privacidad\/\">pol\u00edtica de privacitat<\/a> per a obtenir m\u00e9s informaci\u00f3.<\/em><\/p>\n<\/div>\n<div class=\"mailpoet_form_column mailpoet_vertically_align_center\" style=\"flex-basis:50%;\"><div class=\"mailpoet_paragraph \"><input type=\"email\" autocomplete=\"email\" class=\"mailpoet_text\" id=\"form_email_8\" name=\"data[form_field_NjlkZTk0MWM5MGFhX2VtYWls]\" title=\"correu electr\u00f2nic\" value=\"\" style=\"width:100%;box-sizing:border-box;background-color:#f1f1f1;border-style:solid;border-radius:40px !important;border-width:0px;border-color:#313131;padding:15px;margin: 0 auto 0 0;font-family:&#039;Montserrat&#039;;font-size:16px;line-height:1.5;height:auto;\" data-automation-id=\"form_email\"  placeholder=\"correu electr\u00f2nic *\" aria-label=\"correu electr\u00f2nic *\" data-parsley-errors-container=\".mailpoet_error_13wq7\" data-parsley-required=\"true\" required aria-required=\"true\" data-parsley-minlength=\"6\" data-parsley-maxlength=\"150\" data-parsley-type-message=\"Aquest valor ha de ser un correu electr\u00f2nic v\u00e0lid.\" data-parsley-required-message=\"Aquest camp \u00e9s obligatori.\"\/><span class=\"mailpoet_error_13wq7\"><\/span><\/div>\n<div class=\"mailpoet_paragraph \"><input type=\"submit\" class=\"mailpoet_submit\" value=\"Subscriure\" data-automation-id=\"subscribe-submit-button\" data-font-family='Montserrat' style=\"width:100%;box-sizing:border-box;background-color:#0081ff;border-style:solid;border-radius:40px !important;border-width:0px;border-color:#313131;padding:15px;margin: 0 auto 0 0;font-family:&#039;Montserrat&#039;;font-size:16px;line-height:1.5;height:auto;color:#ffffff;font-weight:bold;\" \/><span class=\"mailpoet_form_loading\"><span class=\"mailpoet_bounce1\"><\/span><span class=\"mailpoet_bounce2\"><\/span><span class=\"mailpoet_bounce3\"><\/span><\/span><\/div>\n<\/div>\n<\/div><\/div>\n<div class='mailpoet_form_columns_container'><div class=\"mailpoet_form_columns mailpoet_paragraph mailpoet_stack_on_mobile\"><div class=\"mailpoet_form_column\"><p class=\"mailpoet_form_paragraph  mailpoet-has-font-size\" style=\"text-align: left; font-size: 12px\">Abans de subscriure&#8217;s als nostres butlletins, ha de llegir la Informaci\u00f3 b\u00e0sica sobre protecci\u00f3 de dades que es troba m\u00e9s a baix. En pr\u00e9mer el bot\u00f3 d&#8217;enviament manifesta haver llegit aquesta informaci\u00f3.<\/p>\n<p class=\"mailpoet_form_paragraph \" style=\"text-align: left\">Informaci\u00f3 b\u00e0sica sobre privacitat<br>Responsable: Il\u00b7lustre Col\u00b7legi d&#8217;Advocats de les Illes Balears.<br>Finalitat: Enviament dels nostres butlletins; Administraci\u00f3 i gesti\u00f3 de la seguretat de la web; Fins estad\u00edstics i de gesti\u00f3 de qualitat de la web.<br>Drets: T\u00e9 dret a accedir, rectificar i suprimir les dades, aix\u00ed com altres drets com s&#8217;explica en la informaci\u00f3 addicional.<br>Informaci\u00f3 addicional: Pot consultar informaci\u00f3 addicional i detallada sobre Protecci\u00f3 de Dades en la <a href=\"https:\/\/www.icaib.org\/politica-de-privacidad\/\">pol\u00edtica de privacitat de la web<\/a><\/p>\n<\/div>\n<\/div><\/div>\n\n      <div class=\"mailpoet_message\">\n        <p class=\"mailpoet_validate_success\"\n                style=\"display:none;\"\n                >Revisa tu bandeja de entrada o la carpeta de spam para confirmar tu suscripci\u00f3n.\n        <\/p>\n        <p class=\"mailpoet_validate_error\"\n                style=\"display:none;\"\n                >        <\/p>\n      <\/div>\n    <\/form>\n\n      <\/div>\n\n  \n\n\n<p><\/p>\n","protected":false},"excerpt":{"rendered":"","protected":false},"author":1,"featured_media":0,"parent":0,"menu_order":999,"comment_status":"closed","ping_status":"closed","template":"100-width.php","meta":{"footnotes":""},"categories":[],"tags":[],"class_list":["post-257081","page","type-page","status-publish","hentry"],"_links":{"self":[{"href":"https:\/\/www.icaib.org\/ca\/wp-json\/wp\/v2\/pages\/257081","targetHints":{"allow":["GET"]}}],"collection":[{"href":"https:\/\/www.icaib.org\/ca\/wp-json\/wp\/v2\/pages"}],"about":[{"href":"https:\/\/www.icaib.org\/ca\/wp-json\/wp\/v2\/types\/page"}],"author":[{"embeddable":true,"href":"https:\/\/www.icaib.org\/ca\/wp-json\/wp\/v2\/users\/1"}],"replies":[{"embeddable":true,"href":"https:\/\/www.icaib.org\/ca\/wp-json\/wp\/v2\/comments?post=257081"}],"version-history":[{"count":0,"href":"https:\/\/www.icaib.org\/ca\/wp-json\/wp\/v2\/pages\/257081\/revisions"}],"wp:attachment":[{"href":"https:\/\/www.icaib.org\/ca\/wp-json\/wp\/v2\/media?parent=257081"}],"wp:term":[{"taxonomy":"category","embeddable":true,"href":"https:\/\/www.icaib.org\/ca\/wp-json\/wp\/v2\/categories?post=257081"},{"taxonomy":"post_tag","embeddable":true,"href":"https:\/\/www.icaib.org\/ca\/wp-json\/wp\/v2\/tags?post=257081"}],"curies":[{"name":"wp","href":"https:\/\/api.w.org\/{rel}","templated":true}]}}