{"id":28597,"date":"2017-09-27T12:33:27","date_gmt":"2017-09-27T10:33:27","guid":{"rendered":"https:\/\/www.icaib.org\/?page_id=28597"},"modified":"2026-01-23T10:40:27","modified_gmt":"2026-01-23T09:40:27","slug":"correo-postal-certificat","status":"publish","type":"page","link":"https:\/\/www.icaib.org\/ca\/col%c2%b7legiats\/serveis-col%c2%b7legiats\/correo-postal-certificat\/","title":{"rendered":"Correu postal certificat"},"content":{"rendered":"<p><div class=\"fusion-fullwidth fullwidth-box fusion-builder-row-1 nonhundred-percent-fullwidth non-hundred-percent-height-scrolling\" style=\"--awb-background-position:left top;--awb-border-sizes-top:0px;--awb-border-sizes-bottom:0px;--awb-border-sizes-left:0px;--awb-border-sizes-right:0px;--awb-border-radius-top-left:0px;--awb-border-radius-top-right:0px;--awb-border-radius-bottom-right:0px;--awb-border-radius-bottom-left:0px;--awb-padding-top:30px;--awb-padding-bottom:60px;--awb-flex-wrap:wrap;\" ><div class=\"fusion-builder-row fusion-row\"><div class=\"fusion-layout-column fusion_builder_column fusion-builder-column-0 fusion_builder_column_1_1 1_1 fusion-one-full fusion-column-first fusion-column-last\" style=\"--awb-bg-size:cover;\"><div class=\"fusion-column-wrapper fusion-flex-column-wrapper-legacy\"><div class=\"fusion-text fusion-text-1\"><p>El servei de correu postal de contingut certificat que ofereix l&#8217;ICAIB per a \u00fas exclusiu pels col\u00b7legiats i que, a m\u00e9s de la pr\u00f2pia tramesa de la carta, certifica tamb\u00e9 el seu contingut amb plenes garanties de confidencialitat, permet als col\u00b7legiats accedir a tota una s\u00e8rie d&#8217;avantatges, de manera que, a m\u00e9s d&#8217;estalviar els despla\u00e7aments fins a les oficines de Correus, poden fer el seguiment dels seus enviaments i gestionar-ne directament la facturaci\u00f3 a trav\u00e9s de la Intranet del Col\u00b7legi, a la qual s&#8217;accedeix a <a href=\"http:\/\/www.icaib.com\" target=\"_blank\" rel=\"noopener\">www.icaib.com<\/a>.<\/p>\n<p><span style=\"background-color: rgba(0, 0, 0, 0);\">IMPORTANT: recordem que tota la documentaci\u00f3 del correu a enviar ha d&#8217;estar signada digitalment pel col\u00b7legiat remitent.<\/span><\/p>\n<\/div><div class=\"fusion-clearfix\"><\/div><\/div><\/div><div class=\"fusion-layout-column fusion_builder_column fusion-builder-column-1 fusion_builder_column_1_1 1_1 fusion-one-full fusion-column-first fusion-column-last fusion-column-no-min-height\" style=\"--awb-padding-top:15px;--awb-bg-color:rgba(200,209,79,0.47);--awb-bg-color-hover:rgba(200,209,79,0.47);--awb-bg-size:cover;--awb-margin-bottom:0px;\" data-scroll-devices=\"small-visibility,medium-visibility,large-visibility\"><div class=\"fusion-column-wrapper fusion-column-has-shadow fusion-flex-column-wrapper-legacy\"><div class=\"fusion-text fusion-text-2\"><h3 style=\"text-align: center;\"><strong>Noves tarifes del servei per a l&#8217;any 2026<\/strong><\/h3>\n<\/div><div class=\"fusion-clearfix\"><\/div><\/div><\/div><div class=\"fusion-layout-column fusion_builder_column fusion-builder-column-2 fusion_builder_column_1_1 1_1 fusion-one-full fusion-column-first fusion-column-last fusion-column-no-min-height\" style=\"--awb-bg-size:cover;--awb-margin-bottom:0px;\"><div class=\"fusion-column-wrapper fusion-flex-column-wrapper-legacy\"><style type='text\/css'>\n\t\t\t\t.pricing-table-1.fusion-pricing-table .panel-container, .pricing-table-1.fusion-pricing-table .standout .panel-container,\n\t\t\t\t.pricing-table-1.full-boxed-pricing.fusion-pricing-table {background-color:#f8f8f8;}\n\t\t\t\t.pricing-table-1.fusion-pricing-table .list-group .list-group-item,\n\t\t\t\t.pricing-table-1.fusion-pricing-table .list-group .list-group-item:last-child{background-color:#ffffff; border-color:#ededed;}\n\t\t\t\t.pricing-table-1.full-boxed-pricing.fusion-pricing-table .panel-wrapper:hover .panel-heading,\n\t\t\t\t.pricing-table-1.fusion-pricing-table .panel-wrapper:hover .list-group-item {background-color:#f8f8f8;}\n\t\t\t\t.pricing-table-1.full-boxed-pricing.fusion-pricing-table .panel-heading{background-color:#ffffff;}\n\t\t\t\t.pricing-table-1.fusion-pricing-table .fusion-panel, .pricing-table-1 .panel-wrapper:last-child .fusion-panel,\n\t\t\t\t.pricing-table-1.fusion-pricing-table .standout .fusion-panel, .pricing-table-1.fusion-pricing-table  .panel-heading,\n\t\t\t\t.pricing-table-1.fusion-pricing-table .panel-body, .pricing-table-1.fusion-pricing-table .panel-footer{border-color:#ededed;}\n\t\t\t\t.pricing-table-1.fusion-pricing-table .panel-body, .pricing-table-1.fusion-pricing-table .panel-footer{background-color:#f8f8f8;}\n\t\t\t\t.pricing-table-1.sep-boxed-pricing.fusion-pricing-table .panel-heading h3{color:#333333;}\n\t\t\t\t.pricing-table-1.full-boxed-pricing.fusion-pricing-table .panel-heading h3{color:#333333;}\n\t\t\t\t.pricing-table-1.fusion-pricing-table .panel-body .price .decimal-part{color:#62a2c4;}\n\t\t\t\t.pricing-table-1.fusion-pricing-table .panel-body .price .integer-part{color:#62a2c4;}\n\t\t\t\t.pricing-table-1.fusion-pricing-table ul.list-group li{color:#383838;}\n\t\t\t\t<\/style><div class=\"fusion-pricing-table pricing-table-1 full-boxed-pricing row fusion-columns-5 columns-5 fusion-clearfix\"><div class=\"panel-wrapper fusion-column column col-lg-2 col-md-2 col-sm-2 fusion-pricingtable-column\"><div class=\"panel-container\"><div class=\"fusion-panel\"><div class=\"panel-heading\"><h3 class=\"title-row\"> 1 a 3 p\u00e0gines<\/h3><\/div><div class=\"panel-body pricing-row\"><div class=\"price \"><span class=\"currency\">\u20ac<\/span><span class=\"integer-part\">15,95<\/span><span class=\"time price-without-decimal\">IVA incl\u00f2s<\/span><\/div><\/div><ul class=\"list-group\"><li class=\"list-group-item normal-row\">enviaments de fins a 20 grams<\/li><\/ul><\/div><\/div><\/div><div class=\"panel-wrapper fusion-column column col-lg-2 col-md-2 col-sm-2 fusion-pricingtable-column\"><div class=\"panel-container\"><div class=\"fusion-panel\"><div class=\"panel-heading\"><h3 class=\"title-row\"> 4 a 9 p\u00e0gines<\/h3><\/div><div class=\"panel-body pricing-row\"><div class=\"price \"><span class=\"currency\">\u20ac<\/span><span class=\"integer-part\">17,82<\/span><span class=\"time price-without-decimal\">IVA ncl\u00f2s<\/span><\/div><\/div><ul class=\"list-group\"><li class=\"list-group-item normal-row\">enviaments de 20 a 50 gr<\/li><\/ul><\/div><\/div><\/div><div class=\"panel-wrapper fusion-column column col-lg-2 col-md-2 col-sm-2 fusion-pricingtable-column\"><div class=\"panel-container\"><div class=\"fusion-panel\"><div class=\"panel-heading\"><h3 class=\"title-row\">10 a 19 p\u00e0gines<\/h3><\/div><div class=\"panel-body pricing-row\"><div class=\"price \"><span class=\"currency\">\u20ac<\/span><span class=\"integer-part\">23,52<\/span><span class=\"time price-without-decimal\">IVA ncl\u00f2s<\/span><\/div><\/div><ul class=\"list-group\"><li class=\"list-group-item normal-row\">env\u00edaments de 50 a 100 gr<\/li><\/ul><\/div><\/div><\/div><div class=\"panel-wrapper fusion-column column col-lg-2 col-md-2 col-sm-2 fusion-pricingtable-column\"><div class=\"panel-container\"><div class=\"fusion-panel\"><div class=\"panel-heading\"><h3 class=\"title-row\">20 a 99 p\u00e0gines<\/h3><\/div><div class=\"panel-body pricing-row\"><div class=\"price \"><span class=\"currency\">\u20ac<\/span><span class=\"integer-part\">28,70<\/span><span class=\"time price-without-decimal\">IVA ncl\u00f2s<\/span><\/div><\/div><ul class=\"list-group\"><li class=\"list-group-item normal-row\">enviaments de 100 a 500 gr<\/li><\/ul><\/div><\/div><\/div><div class=\"panel-wrapper fusion-column column col-lg-2 col-md-2 col-sm-2 fusion-pricingtable-column\"><div class=\"panel-container\"><div class=\"fusion-panel\"><div class=\"panel-heading\"><h3 class=\"title-row\">M\u00e9s de 100 p\u00e0gines<\/h3><\/div><div class=\"panel-body pricing-row\"><div class=\"price \"><span class=\"currency\">\u20ac<\/span><span class=\"integer-part\">34,00<\/span><span class=\"time price-without-decimal\">IVA ncl\u00f2s<\/span><\/div><\/div><ul class=\"list-group\"><li class=\"list-group-item normal-row\"> enviaments de 500 a 1.000 gr.<\/li><\/ul><\/div><\/div><\/div><\/div><div class=\"fusion-clearfix\"><\/div><\/div><\/div><\/div><\/div><div class=\"fusion-fullwidth fullwidth-box fusion-builder-row-2 nonhundred-percent-fullwidth non-hundred-percent-height-scrolling\" style=\"--awb-border-radius-top-left:0px;--awb-border-radius-top-right:0px;--awb-border-radius-bottom-right:0px;--awb-border-radius-bottom-left:0px;--awb-flex-wrap:wrap;\" ><div class=\"fusion-builder-row fusion-row\"><div class=\"fusion-layout-column fusion_builder_column fusion-builder-column-3 fusion_builder_column_1_3 1_3 fusion-one-third fusion-column-first\" style=\"--awb-bg-size:cover;width:33.333333333333%;width:calc(33.333333333333% - ( ( 4% + 4% ) * 0.33333333333333 ) );margin-right: 4%;\"><div class=\"fusion-column-wrapper fusion-flex-column-wrapper-legacy\"><div class=\"fusion-sep-clear\"><\/div><div class=\"fusion-separator fusion-full-width-sep\" style=\"margin-left: auto;margin-right: auto;margin-top:20px;margin-bottom:20px;width:100%;\"><div class=\"fusion-separator-border sep-single sep-solid\" style=\"--awb-height:20px;--awb-amount:20px;border-color:#e0dede;border-top-width:1px;\"><\/div><\/div><div class=\"fusion-sep-clear\"><\/div><div class=\"fusion-clearfix\"><\/div><\/div><\/div><div class=\"fusion-layout-column fusion_builder_column fusion-builder-column-4 fusion_builder_column_1_3 1_3 fusion-one-third\" style=\"--awb-bg-size:cover;width:33.333333333333%;width:calc(33.333333333333% - ( ( 4% + 4% ) * 0.33333333333333 ) );margin-right: 4%;\"><div class=\"fusion-column-wrapper fusion-flex-column-wrapper-legacy\"><div class=\"fusion-aligncenter\"><a class=\"fusion-button button-flat fusion-button-default-size button-default fusion-button-default button-1 fusion-button-default-span fusion-button-default-type\" target=\"_blank\" rel=\"noopener noreferrer\" href=\"https:\/\/www.icaib.com\/col\/burofaxes\"><span class=\"fusion-button-text awb-button__text awb-button__text--default\">NOU ENVIAMENT CORREU CERTIFICAT<\/span><\/a><\/div><div class=\"fusion-clearfix\"><\/div><\/div><\/div><div class=\"fusion-layout-column fusion_builder_column fusion-builder-column-5 fusion_builder_column_1_3 1_3 fusion-one-third fusion-column-last\" style=\"--awb-bg-size:cover;width:33.333333333333%;width:calc(33.333333333333% - ( ( 4% + 4% ) * 0.33333333333333 ) );\"><div class=\"fusion-column-wrapper fusion-flex-column-wrapper-legacy\"><div class=\"fusion-sep-clear\"><\/div><div class=\"fusion-separator fusion-full-width-sep\" style=\"margin-left: auto;margin-right: auto;margin-top:20px;margin-bottom:20px;width:100%;\"><div class=\"fusion-separator-border sep-single sep-solid\" style=\"--awb-height:20px;--awb-amount:20px;border-color:#e0dede;border-top-width:1px;\"><\/div><\/div><div class=\"fusion-sep-clear\"><\/div><div class=\"fusion-clearfix\"><\/div><\/div><\/div><\/div><\/div><div class=\"fusion-fullwidth fullwidth-box fusion-builder-row-3 nonhundred-percent-fullwidth non-hundred-percent-height-scrolling\" style=\"--awb-border-radius-top-left:0px;--awb-border-radius-top-right:0px;--awb-border-radius-bottom-right:0px;--awb-border-radius-bottom-left:0px;--awb-flex-wrap:wrap;\" ><div class=\"fusion-builder-row fusion-row\"><div class=\"fusion-layout-column fusion_builder_column fusion-builder-column-6 fusion_builder_column_1_1 1_1 fusion-one-full fusion-column-first fusion-column-last\" style=\"--awb-bg-size:cover;\"><div class=\"fusion-column-wrapper fusion-flex-column-wrapper-legacy\"><div class=\"fusion-sep-clear\"><\/div><div class=\"fusion-separator fusion-full-width-sep\" style=\"margin-left: auto;margin-right: auto;margin-top:30px;margin-bottom:30px;width:100%;\"><div class=\"fusion-separator-border sep-single sep-solid\" style=\"--awb-height:20px;--awb-amount:20px;border-color:#e0dede;border-top-width:1px;\"><\/div><\/div><div class=\"fusion-sep-clear\"><\/div><div class=\"fusion-clearfix\"><\/div><\/div><\/div><div class=\"fusion-layout-column fusion_builder_column fusion-builder-column-7 fusion_builder_column_1_3 1_3 fusion-one-third fusion-column-first\" style=\"--awb-bg-size:cover;width:33.333333333333%;width:calc(33.333333333333% - ( ( 4% + 4% ) * 0.33333333333333 ) );margin-right: 4%;\"><div class=\"fusion-column-wrapper fusion-flex-column-wrapper-legacy\"><div class=\"fusion-text fusion-text-3\"><p><strong>Usos principals:<\/strong><\/p>\n<p>&#8211; Reclamacions de deutes<br \/>\n&#8211; Notificacions de terminis<br \/>\n&#8211; Comunicacions a clients del torn d\u2019ofici<br \/>\n&#8211; Reclamacions banc\u00e0ries<\/p>\n<\/div><div class=\"fusion-clearfix\"><\/div><\/div><\/div><div class=\"fusion-layout-column fusion_builder_column fusion-builder-column-8 fusion_builder_column_1_3 1_3 fusion-one-third\" style=\"--awb-bg-size:cover;width:33.333333333333%;width:calc(33.333333333333% - ( ( 4% + 4% ) * 0.33333333333333 ) );margin-right: 4%;\"><div class=\"fusion-column-wrapper fusion-flex-column-wrapper-legacy\"><div class=\"fusion-text fusion-text-4\"><p><strong>Funcionament<\/strong><\/p>\n<p>&#8211; Correus retira els enviaments a l\u2019ICAIB.<br \/>\n&#8211; Factura a nom del col\u00b7legiat.<br \/>\n&#8211; Correus fa l\u2019enviament postal.<br \/>\n&#8211; El Col\u00b7legi certifica el contingut.<br \/>\n&#8211; El justificant de recepci\u00f3 o, si escau, la devoluci\u00f3 arriba a l\u2019ICAIB, que informa al col\u00b7legiat.<br \/>\n&#8211; L\u2019ICAIB fa el seguiment web de l\u2019enviament.<br \/>\n&#8211; Presentaci\u00f3 de l\u2019escrit que s\u2019ha de remetre i de certificar, signat digitalment i amb especificaci\u00f3 de l\u2019adre\u00e7a postal de destinaci\u00f3, als formularis.<\/p>\n<\/div><div class=\"fusion-clearfix\"><\/div><\/div><\/div><div class=\"fusion-layout-column fusion_builder_column fusion-builder-column-9 fusion_builder_column_1_3 1_3 fusion-one-third fusion-column-last\" style=\"--awb-bg-size:cover;width:33.333333333333%;width:calc(33.333333333333% - ( ( 4% + 4% ) * 0.33333333333333 ) );\"><div class=\"fusion-column-wrapper fusion-flex-column-wrapper-legacy\"><div class=\"fusion-text fusion-text-5\"><p><strong>Avantatges<\/strong><\/p>\n<p>&#8211; Sempre es certifica el contingut de l\u2019enviament.<br \/>\n&#8211; Seguiment de l\u2019enviament per part del Col\u00b7legi.<br \/>\n&#8211; Arxiu en registre de la documentaci\u00f3 enviada.<br \/>\n&#8211; Estalvi de despla\u00e7aments a les oficines de Correus.<br \/>\n&#8211; Servei m\u00e9s econ\u00f2mic que, per exemple, el burofax.<\/p>\n<\/div><div class=\"fusion-clearfix\"><\/div><\/div><\/div><\/div><\/div><\/p>\n","protected":false},"excerpt":{"rendered":"","protected":false},"author":1,"featured_media":0,"parent":12632,"menu_order":200,"comment_status":"closed","ping_status":"closed","template":"100-width.php","meta":{"footnotes":""},"categories":[],"tags":[],"class_list":["post-28597","page","type-page","status-publish","hentry"],"_links":{"self":[{"href":"https:\/\/www.icaib.org\/ca\/wp-json\/wp\/v2\/pages\/28597","targetHints":{"allow":["GET"]}}],"collection":[{"href":"https:\/\/www.icaib.org\/ca\/wp-json\/wp\/v2\/pages"}],"about":[{"href":"https:\/\/www.icaib.org\/ca\/wp-json\/wp\/v2\/types\/page"}],"author":[{"embeddable":true,"href":"https:\/\/www.icaib.org\/ca\/wp-json\/wp\/v2\/users\/1"}],"replies":[{"embeddable":true,"href":"https:\/\/www.icaib.org\/ca\/wp-json\/wp\/v2\/comments?post=28597"}],"version-history":[{"count":2,"href":"https:\/\/www.icaib.org\/ca\/wp-json\/wp\/v2\/pages\/28597\/revisions"}],"predecessor-version":[{"id":292705,"href":"https:\/\/www.icaib.org\/ca\/wp-json\/wp\/v2\/pages\/28597\/revisions\/292705"}],"up":[{"embeddable":true,"href":"https:\/\/www.icaib.org\/ca\/wp-json\/wp\/v2\/pages\/12632"}],"wp:attachment":[{"href":"https:\/\/www.icaib.org\/ca\/wp-json\/wp\/v2\/media?parent=28597"}],"wp:term":[{"taxonomy":"category","embeddable":true,"href":"https:\/\/www.icaib.org\/ca\/wp-json\/wp\/v2\/categories?post=28597"},{"taxonomy":"post_tag","embeddable":true,"href":"https:\/\/www.icaib.org\/ca\/wp-json\/wp\/v2\/tags?post=28597"}],"curies":[{"name":"wp","href":"https:\/\/api.w.org\/{rel}","templated":true}]}}