{"id":37206,"date":"2018-06-01T11:38:52","date_gmt":"2018-06-01T09:38:52","guid":{"rendered":"https:\/\/www.icaib.org\/?page_id=37206"},"modified":"2018-06-19T12:38:08","modified_gmt":"2018-06-19T10:38:08","slug":"soj-contra-el-maltractament-animal-cita-previa","status":"publish","type":"page","link":"https:\/\/www.icaib.org\/ca\/col%c2%b7legiats\/seccions-i-comissions\/soj-contra-el-maltractament-animal-cita-previa\/","title":{"rendered":"SOJ contra el Maltractament Animal (cita pr\u00e8via)"},"content":{"rendered":"<p>El SOJMA \u00e9s un servei d&#8217;orientaci\u00f3 jur\u00eddica gratu\u00efta, exclusiu i espec\u00edfic per a casos de possible maltractament animal (SOJMA), en el qual els ciutadans, associacions o institucions que creguin tenir coneixement de possibles pr\u00e0ctiques de maltractament o tracte degradant a animals puguin rebre una primera orientaci\u00f3 sobre les mesures que es poden adoptar i \/ o les eines de den\u00fancia existents actualment.<\/p>\n<p>El servei, que \u00e9s at\u00e8s de forma volunt\u00e0ria i altruista, i de manera rotat\u00f2ria, per lletrats de la Comissi\u00f3 de Defensa dels Drets dels Animals de l&#8217;ICAIB, es presta el primer divendres de cada mes, de 10:00 a 12:00 hores, a la seu de l&#8217;ICAIB Palma (la Rambla, 10) i funciona mitjan\u00e7ant el sistema de cita pr\u00e8via, que es pot reservar enviant aquest formulari web <a href=\"https:\/\/www.icaib.org\/abogados\/secciones-y-comisiones\/sojma\/\">https:\/\/www.icaib.org\/abogados\/secciones-y-comisiones\/sojma\/<\/a> o b\u00e9 trucant en horari laboral (de dilluns a divendres, de 8 a 15 hores) al tel\u00e8fon 971.179.400 &#8211; extensi\u00f3 1004.<\/p>\n<p>La finalitat del SOJMA \u00e9s proporcionar als usuaris una primera orientaci\u00f3 legal per informar-los de la viabilitat de la pretensi\u00f3 i les diferents opcions judicials o extrajudicials que hi ha establertes per defensar els drets dels animals suposadament maltractats. Aix\u00f2 no obstant, \u00e9s important tenir en compte que la consulta no donar\u00e0 dret en cap cas a sol\u00b7licitar el benefici de la just\u00edcia gratu\u00efta, i que queden excloses d\u2019aquest nou servei la redacci\u00f3 o l\u2019elaboraci\u00f3 de qualsevol document; la tramitaci\u00f3, judicial o no, de l\u2019assumpte plantejat, i tamb\u00e9 l\u2019obtenci\u00f3 d\u2019una opini\u00f3 fonamentada en dret sobre el fons de les q\u00fcestions que es formulin.<\/p>\n","protected":false},"excerpt":{"rendered":"<p>El SOJMA \u00e9s un servei d&#8217;orientaci\u00f3 jur\u00eddica gratu\u00efta, exclusiu i  [&#8230;]<\/p>\n","protected":false},"author":1,"featured_media":36987,"parent":12436,"menu_order":200,"comment_status":"closed","ping_status":"closed","template":"","meta":{"footnotes":""},"categories":[],"tags":[],"class_list":["post-37206","page","type-page","status-publish","has-post-thumbnail","hentry"],"_links":{"self":[{"href":"https:\/\/www.icaib.org\/ca\/wp-json\/wp\/v2\/pages\/37206","targetHints":{"allow":["GET"]}}],"collection":[{"href":"https:\/\/www.icaib.org\/ca\/wp-json\/wp\/v2\/pages"}],"about":[{"href":"https:\/\/www.icaib.org\/ca\/wp-json\/wp\/v2\/types\/page"}],"author":[{"embeddable":true,"href":"https:\/\/www.icaib.org\/ca\/wp-json\/wp\/v2\/users\/1"}],"replies":[{"embeddable":true,"href":"https:\/\/www.icaib.org\/ca\/wp-json\/wp\/v2\/comments?post=37206"}],"version-history":[{"count":0,"href":"https:\/\/www.icaib.org\/ca\/wp-json\/wp\/v2\/pages\/37206\/revisions"}],"up":[{"embeddable":true,"href":"https:\/\/www.icaib.org\/ca\/wp-json\/wp\/v2\/pages\/12436"}],"wp:featuredmedia":[{"embeddable":true,"href":"https:\/\/www.icaib.org\/ca\/wp-json\/wp\/v2\/media\/36987"}],"wp:attachment":[{"href":"https:\/\/www.icaib.org\/ca\/wp-json\/wp\/v2\/media?parent=37206"}],"wp:term":[{"taxonomy":"category","embeddable":true,"href":"https:\/\/www.icaib.org\/ca\/wp-json\/wp\/v2\/categories?post=37206"},{"taxonomy":"post_tag","embeddable":true,"href":"https:\/\/www.icaib.org\/ca\/wp-json\/wp\/v2\/tags?post=37206"}],"curies":[{"name":"wp","href":"https:\/\/api.w.org\/{rel}","templated":true}]}}