{"id":37627,"date":"2018-06-19T11:52:22","date_gmt":"2018-06-19T09:52:22","guid":{"rendered":"https:\/\/www.icaib.org\/?page_id=37627"},"modified":"2025-09-16T12:17:00","modified_gmt":"2025-09-16T10:17:00","slug":"politica-de-privacidad","status":"publish","type":"page","link":"https:\/\/www.icaib.org\/ca\/politica-de-privacidad\/","title":{"rendered":"Pol\u00edtica de privacidad"},"content":{"rendered":"<div class=\"fusion-fullwidth fullwidth-box fusion-builder-row-1 fusion-flex-container nonhundred-percent-fullwidth non-hundred-percent-height-scrolling\" style=\"--awb-border-radius-top-left:0px;--awb-border-radius-top-right:0px;--awb-border-radius-bottom-right:0px;--awb-border-radius-bottom-left:0px;--awb-flex-wrap:wrap;\" ><div class=\"fusion-builder-row fusion-row fusion-flex-align-items-flex-start fusion-flex-content-wrap\" style=\"max-width:1456px;margin-left: calc(-4% \/ 2 );margin-right: calc(-4% \/ 2 );\"><div class=\"fusion-layout-column fusion_builder_column fusion-builder-column-0 fusion_builder_column_1_1 1_1 fusion-flex-column\" style=\"--awb-bg-size:cover;--awb-width-large:100%;--awb-margin-top-large:0px;--awb-spacing-right-large:1.92%;--awb-margin-bottom-large:0px;--awb-spacing-left-large:1.92%;--awb-width-medium:100%;--awb-spacing-right-medium:1.92%;--awb-spacing-left-medium:1.92%;--awb-width-small:100%;--awb-spacing-right-small:1.92%;--awb-spacing-left-small:1.92%;\"><div class=\"fusion-column-wrapper fusion-flex-justify-content-flex-start fusion-content-layout-column\"><div class=\"fusion-text fusion-text-1\"><p>\u00daltima revisi\u00f3n: septiembre de 2025 (v.1.2)<\/p>\n<p>Esta pol\u00edtica de privacidad se aplica a los tratamientos que el Ilustre Colegio de Abogados de las Illes Balears (en adelante el ICAIB o el Colegio) realiza sobre los datos personales de los colegiados actuando en el \u00e1mbito territorial de la Comunidad Aut\u00f3noma de las Islas Baleares.<\/p>\n<p>Esta pol\u00edtica est\u00e1 publicada en el portal de la privacidad del Colegio en www.icaib.org\/gdpr <\/p>\n<p>El Colegiado manifiesta que los datos que facilita al Colegio, ahora o en el futuro, son correctos y veraces y se compromete a comunicar cualquier modificaci\u00f3n de \u00e9stos. En caso de proporcionar datos de car\u00e1cter personal de terceros, se compromete a obtener el consentimiento previo de los afectados y a informarles acerca del contenido de esta pol\u00edtica.\t<\/p>\n<p>Salvo indicaci\u00f3n en otro sentido en el momento de recoger sus datos personales, todos los datos que se solicita a los Colegiados son indispensables para la tramitaci\u00f3n de sus solicitudes y el correcto desarrollo de la relaci\u00f3n que les vinculan con el Colegio.  <\/p>\n<p>1.\t\u00bfQui\u00e9n es el responsable del tratamiento de sus datos?\t<\/p>\n<p>El responsable del tratamiento de sus datos es el ICAIB, con domicilio en Ramblas 10, 07003 Palma, Illes Balears, Espa\u00f1a.<\/p>\n<p>Puede contactar con el Delegado de Protecci\u00f3n de Datos del ICAIB en dpo@icaib.org. <\/p>\n<p>2.\t\u00bfQu\u00e9 informaci\u00f3n personal obtenemos? <\/p>\n<p>Los datos que tratamos son los que se obtienen:<\/p>\n<p>\uf02d\tDe los formularios que Ud. cumplimente y de las solicitudes que formule; <\/p>\n<p>\uf02d\tDe la informaci\u00f3n generada por la propia relaci\u00f3n colegial;<\/p>\n<p>\uf02d\tDe administraciones, instituciones, \u00f3rganos o entidades p\u00fablicas, tales como administraci\u00f3n de justicia, tribunales o Comisiones de Asistencia Jur\u00eddica Gratuita, del Consejo General de la Abogac\u00eda Espa\u00f1ola u otros colegios profesionales en el marco de las atribuciones que les son conferidas por la normativa vigente.<\/p>\n<p>Las categor\u00edas de datos que tratamos consisten t\u00edpicamente en:<\/p>\n<p>\uf02d\tDatos de car\u00e1cter identificativo y de contacto, tales como DNI\/NIF\/DNI pasaporte, nombre y apellidos, permiso de residencia (en su caso), direcci\u00f3n, tel\u00e9fono, firma, imagen\/voz, Mutualidad o e-mail;<\/p>\n<p>\uf02d\tDatos de caracter\u00edsticas personales, tales como fecha de nacimiento, idioma, nacionalidad y, en su caso, acreditaci\u00f3n de paternidad o maternidad;\t <\/p>\n<p>\uf02d\tDatos acad\u00e9micos y profesionales;<\/p>\n<p>\uf02d\tDatos econ\u00f3micos, financieros y de seguros;\t <\/p>\n<p>\uf02d\tDatos de transacciones de bienes y servicios;\t <\/p>\n<p>\uf02d\tExistencia de antecedentes penales o situaciones de incompatibilidades o prohibici\u00f3n para el ejercicio de la abogac\u00eda;<\/p>\n<p>\uf02d\tDatos incluidos en los expedientes disciplinarios, en su caso incoados por el Colegio;<\/p>\n<p>3.\t\u00bfPara qu\u00e9 trataremos sus datos y sobre qu\u00e9 base jur\u00eddica? \t<\/p>\n<p>Fines institucionales.  El ICAIB trata datos de los Colegiados para el cumplimiento de sus finalidades institucionales, en el ejercicio de las competencias que le son conferidas por la normativa vigente y sus propios Estatutos. Ello incluye:<\/p>\n<p>\u2022\tLa ordenaci\u00f3n y el control de la profesi\u00f3n de abogado en el \u00e1mbito territorial de la Comunidad Aut\u00f3noma de las Islas Baleares, que engloba tramitar la incorporaci\u00f3n y\/o baja de los Colegiados y, en su caso, la modificaci\u00f3n de su r\u00e9gimen de colegiaci\u00f3n. Tambi\u00e9n engloba estudiar los presuntos supuestos de intrusismo profesional en el \u00e1mbito de la profesi\u00f3n de la abogac\u00eda;<\/p>\n<p>\u2022\tLa gesti\u00f3n del registro de abogados y sociedades profesionales adscritos al Colegio; <\/p>\n<p>\u2022\tEl control deontol\u00f3gico, el ejercicio de la potestad disciplinaria en el orden profesional y colegial y la aplicaci\u00f3n del correspondiente r\u00e9gimen sancionador;<\/p>\n<p>\u2022\tLa gesti\u00f3n de las coberturas contratadas por el Colegio en beneficio de los Colegiados, as\u00ed como la coordinaci\u00f3n y el seguimiento de los expedientes de siniestro;<\/p>\n<p>\u2022\tLa gesti\u00f3n colegial de los servicios de asistencia letrada, de defensa y de representaci\u00f3n gratuitas. Ello incluye la gesti\u00f3n del servicio de orientaci\u00f3n jur\u00eddica y de los turnos de oficio y la asistencia letrada a los detenidos.<\/p>\n<p>Los datos tratados para estos fines son las siguientes: <\/p>\n<p>&#8211;\tDatos de car\u00e1cter identificativo y de contacto, tales como DNI\/NIE\/Pasaporte, nombre y apellidos, permiso de residencia (en su caso), direcci\u00f3n, tel\u00e9fono, firma, imagen\/voz, Mutualidad o e-mail;<\/p>\n<p>&#8211;\tDatos de caracter\u00edsticas personales, tales como fecha de nacimiento, idioma y nacionalidad. <\/p>\n<p>&#8211;\tDatos acad\u00e9micos y profesionales, tales como titulaciones, colegiaciones anteriores, tipo de colegiaci\u00f3n que ostenta;<\/p>\n<p>&#8211;\tDatos de detalles de empleo, tales como ocupaci\u00f3n, puesto de trabajo y, en su caso, domicilio profesional;<\/p>\n<p>&#8211;\tDatos econ\u00f3micos, financieros y de seguros, tales como datos relativos coberturas o relativos al seguro colectivo de responsabilidad civil profesional al que estuviera adherido el Colegiado; <\/p>\n<p>&#8211;\tDatos de transacciones de bienes y servicios, tales como datos relativos al pago de la cuota inicial y cuota ordinaria de colegiaci\u00f3n;\t  <\/p>\n<p>&#8211;\tDatos incluidos en los expedientes disciplinarios incoados, en su caso, por el Colegio;<\/p>\n<p>&#8211;\tDatos incluidos en solicitudes dirigidas al Colegio en el marco de sus tareas institucionales;<\/p>\n<p>Los datos recabados han sido aportados por Ud., o por su leg\u00edtimo representante u obtenidos de las comprobaciones realizadas a la documentaci\u00f3n presentada para su inscripci\u00f3n al Colegio. <\/p>\n<p>Estos tratamientos, relacionados con el ejercicio de potestades de derecho p\u00fablico, se amparan en el art. 6.1.e) RGPD al ser necesarios para el cumplimiento de una misi\u00f3n realizada en inter\u00e9s p\u00fablico o en el ejercicio de poderes p\u00fablicos, como la defensa de los intereses profesionales de los Colegiados, conferidos al Colegio por la normativa vigente y especialmente por la Ley 2\/1974, sobre Colegios Profesionales, por la Ley 10\/1998, de 14 de diciembre, de Colegios Profesionales de las Illes Balears y por la Ley 34\/2006, de 30 de octubre, sobre el acceso a las profesiones de Abogado y Procurador de los Tribunales. <\/p>\n<p>Gesti\u00f3n interna del Colegio. El ICAIB trata datos de los Colegiados para llevar a cabo la gesti\u00f3n interna del Colegio. Ello incluye: <\/p>\n<p>\u2022\tLa gesti\u00f3n contable y administrativa del Colegio, como la gesti\u00f3n de facturaci\u00f3n y control de cobros;<\/p>\n<p>\u2022\tEl cumplimiento de las obligaciones legales del Colegio, especialmente las previstas por la normativa aplicable en materia contable y fiscal;<\/p>\n<p>\u2022\tLa elaboraci\u00f3n de censos electorales y gesti\u00f3n de procesos electorales a la Junta de Gobierno del ICAIB;<\/p>\n<p>\u2022\tLa realizaci\u00f3n de encuestas para la planificando la programaci\u00f3n de actividades formativas y la gesti\u00f3n de dichas actividades;<\/p>\n<p>\u2022\tLa gesti\u00f3n de los servicios prestados a los Colegiados, por ejemplo, expedici\u00f3n del carnet colegial, certificado digital, servicio de biblioteca, servicio de correo postal de contenido certificado, servicio de correcci\u00f3n de textos en catal\u00e1n y de traducci\u00f3n del castellano al catal\u00e1n, servicio de reservas de salas Y DESPACHOS, servicio de testamento profesional colegial, servicios de fotocopias, togas, tramitaci\u00f3n de NIEs, documentaci\u00f3n, defensor del colegiado o punto de informaci\u00f3n catastral, de manera no limitativa; <\/p>\n<p>\u2022\tLa gesti\u00f3n de la protecci\u00f3n social de los Colegiados y de sus familiares;<\/p>\n<p>\u2022\tLa gesti\u00f3n de comunicaciones institucionales y la remisi\u00f3n de circulares;<\/p>\n<p>Los datos tratados para estos fines son las siguientes: <\/p>\n<p>&#8211;\tDatos de car\u00e1cter identificativo y de contacto, tales como DNI\/NIE\/Pasaporte, nombre y apellidos, permiso de residencia (en su caso), direcci\u00f3n, tel\u00e9fono, firma, imagen\/voz, Mutualidad o e-mail;<\/p>\n<p>&#8211;\tDatos de caracter\u00edsticas personales, tales como fecha de nacimiento y nacionalidad. En su caso, acreditaci\u00f3n de paternidad o maternidad para la exenci\u00f3n de cuota colegial;\t <\/p>\n<p>&#8211;\tDatos econ\u00f3micos, financieros y de seguros, tales como datos relativos a coberturas de protecci\u00f3n social; <\/p>\n<p>&#8211;\tDatos de transacciones de bienes y servicios, tales como datos relativos a los servicios recibidos del ICAIB;\t<\/p>\n<p>&#8211;\tDatos incluidos en solicitudes dirigidas al Colegio en el marco de su gesti\u00f3n interna; <\/p>\n<p>La gesti\u00f3n interna del Colegio, que no implica el ejercicio de potestades jur\u00eddico-p\u00fablicas, se basa en los siguientes supuestos de legitimaci\u00f3n:<\/p>\n<p>\u2022\tEl cumplimiento de las obligaciones legales del Colegio, especialmente en materia contable y fiscal;<\/p>\n<p>\u2022\tEl cumplimiento de una misi\u00f3n realizada en inter\u00e9s p\u00fablico a trav\u00e9s de sus fines estatutarios y de las facultades que le reconoce la Ley 2\/1974, sobre Colegios Profesionales y por la Ley 10\/1998, de 14 de diciembre, de Colegios Profesionales de las Illes Balears estatutarios; <\/p>\n<p>\u2022\tLa prestaci\u00f3n de los servicios solicitados al Colegio por los Colegiados;  <\/p>\n<p>Fines comerciales. El ICAIB trata datos identificativos y de contacto, tales como nombre, apellidos y correo electr\u00f3nico de Colegiados para la remisi\u00f3n de ofertas comerciales de terceros que planteen condiciones ventajosas por el hecho de ser colegiado, incluso por medios electr\u00f3nicos.<\/p>\n<p>Estos tratamientos se basan en su consentimiento manifestado en su solicitud de colegiaci\u00f3n. No prestar el consentimiento o revocarlo no afecta a su relaci\u00f3n con el ICAIB En cualquier momento podr\u00e1 oponerse a la recepci\u00f3n de comunicaciones con fines comerciales, activando el enlace previsto a tal fin en las comunicaciones o enviando un email a info@icaib.org o a dpo@icaib.org. <\/p>\n<p>Otros tratamientos. Las siguientes actividades quedan sujetas a sus propias pol\u00edticas de privacidad que pueden consultarse en el portal de la privacidad del Colegio (https:\/\/www.icaib.org\/gdpr\/): <\/p>\n<p>\uf02d\tEl alta de Colegiados en el listado de \u00e1rbitros y su participaci\u00f3n en arbitrajes gestionados por el Colegio;<\/p>\n<p>\uf02d\tEl alta de Colegiados en el listado de abogados pro-bono y su participaci\u00f3n en actividades de responsabilidad social corporativa o colaboraciones del Colegio con ONG;<\/p>\n<p>\uf02d\tLa gesti\u00f3n y la administraci\u00f3n de los sistemas inform\u00e1ticos o de comunicaciones puestos a disposici\u00f3n de los Colegiados por el Colegio;<\/p>\n<p>\uf02d\tLa participaci\u00f3n de Colegiados en las actividades del Coro o de la compa\u00f1\u00eda de teatro del Colegio;<\/p>\n<p>\uf02d\tLa gesti\u00f3n de eventos, actividades y formaciones;<\/p>\n<p>\uf02d\tEl registro de entrada y salida de documentos;<\/p>\n<p>Las actividades sociales, de ocio, concursos, premios o reconocimientos organizados por el Colegio se sujetar\u00e1n a las correspondientes pol\u00edticas de privacidad que se pondr\u00e1n en conocimiento de los Colegiados en el momento y seg\u00fan los canales oportunos.<\/p>\n<p>4.\t\u00bfA qui\u00e9n podemos comunicar sus datos? \t<\/p>\n<p>El Colegio puede comunicar datos de los Colegiados en las siguientes circunstancias: \t<\/p>\n<p>Para cumplir con las leyes vigentes y los propios estatutos del Colegio, los datos de los Colegiados podr\u00e1n ser comunicados, de manera no limitativa, a administraciones, instituciones, \u00f3rganos o entidades p\u00fablicas, tales como administraci\u00f3n de justicia, tribunales o al Consejo General de la Abogac\u00eda Espa\u00f1ola u otros colegios profesionales y al p\u00fablico en general. Por ejemplo: <\/p>\n<p>\uf02d\tLa informaci\u00f3n relativa a altas, bajas y cualesquiera otras modificaciones que afecten al registro de colegiados y de sociedades profesionales, incluidas, en su caso, las sanciones disciplinarias, ser\u00e1 comunicada al Consejo General de la Abogac\u00eda Espa\u00f1ola para su conocimiento y anotaci\u00f3n en el Registro central de colegiados y de sociedades profesionales.<\/p>\n<p>\uf02d\tLa lista de colegiados ejercientes adscritos a los servicios de justicia gratuita, con indicaci\u00f3n, en su caso, de especializaciones, as\u00ed como las resoluciones y medidas adoptadas como consecuencia de los expedientes disciplinarios que, en su caso, fueran incoado a causa de quejas o denuncias formuladas como consecuencia de las actuaciones de los profesionales encargados de los servicios colegiales de asistencia jur\u00eddica gratuita, ser\u00e1n comunicadas a la Comisi\u00f3n de Asistencia Jur\u00eddica Gratuita. <\/p>\n<p>\uf02d\tEl Registro de Colegiados ser\u00e1 publicado a trav\u00e9s de la ventanilla \u00fanica del Colegio, conforme a lo previsto por el Art. 10.2 L 2\/1974.<\/p>\n<p>\uf02d\tLos sistemas de distribuci\u00f3n de los distintos turnos y los medios para la designaci\u00f3n de los profesionales de oficio ser\u00e1n p\u00fablicos para todos los Colegiados y los Solicitantes de asistencia jur\u00eddica gratuita. <\/p>\n<p>Cuando sea necesario para la gesti\u00f3n administrativa o contable de la relaci\u00f3n con los Colegiados o para prestaci\u00f3n de los servicios que estos soliciten al Colegio, por ejemplo:<\/p>\n<p>\uf02d\tLos datos necesarios para el cobro las cuotas colegiales o de los servicios prestados a los Colegiados podr\u00e1n ser comunicados a las entidades bancarias o financieras encargadas de la gesti\u00f3n de los mismos. La domiciliaci\u00f3n de las cuotas colegiales se fundamenta en la existencia de un inter\u00e9s leg\u00edtimo en facilitar la gesti\u00f3n de los cobros. Para la ponderaci\u00f3n de este inter\u00e9s respecto a tus derechos y libertades se ha determinado que el tratamiento ten\u00eda un impacto limitado en la privacidad de los interesados, correspond\u00eda a expectativas razonables de los mismos por tratarse de una pr\u00e1ctica generalizada y no planteaba amenazas significativas.  \t<\/p>\n<p>\uf02d\tLos datos necesarios para la eficacia de las coberturas contratadas por el Colegio en beneficio de los Colegiados ser\u00e1n comunicados a las correspondientes entidades aseguradoras a las corredur\u00edas a trav\u00e9s de las cuales se contrataron, en base a la ejecuci\u00f3n del contrato de seguro correspondiente.<\/p>\n<p>El Colegio podr\u00e1 igualmente comunicar datos de Colegiados que le sean solicitados por sujetos de derecho privado cuando cuente con el consentimiento de dichos Colegiados.<\/p>\n<p>5.\t\u00bfCu\u00e1nto tiempo conservaremos sus datos?\t<\/p>\n<p>Los documentos de cualquier \u00e9poca y tipolog\u00eda, reunidos o no en archivos, producidos, recibidos o conservados por el Colegio en el ejercicio de su funci\u00f3n, forman parte del patrimonio documental de las Illes Balears.<\/p>\n<p>Los datos de los Colegiados y la informaci\u00f3n generada por la propia relaci\u00f3n colegial se mantendr\u00e1n activos mientras tanto el Colegiado ostente esta condici\u00f3n y sean \u00fatiles para los fines que motivaron su recogida.  <\/p>\n<p>Los datos para remitir ofertas comerciales especiales por su condici\u00f3n de Colegiado ser\u00e1n tratados mientras no se oponga a recibir este tipo de comunicaci\u00f3n.<\/p>\n<p>Una vez los datos tratados por el Colegio hayan dejado de ser \u00fatiles para los fines que motivaron su recogida, pasar\u00e1n al estado hist\u00f3rico y ser\u00e1n conservados, y en su caso destruidos, conforme a la normativa de evaluaci\u00f3n y los criterios previstos por la Ley 12\/1998, de Patrimonio Hist\u00f3rico de las Illes Balears y por la Ley 6\/2022, de 5 de agosto, de archivos y gesti\u00f3n documental de las Illes Balears.<\/p>\n<p>6.\t\u00bfCu\u00e1les son sus derechos? <\/p>\n<p>Tiene derecho a obtener confirmaci\u00f3n de si estamos tratando o no sus datos personales y, en tal caso, acceder a los mismos. Puede igualmente pedir que sus datos sean rectificados cuando sean inexactos o a que se completen los datos que sean incompletos, as\u00ed como solicitar su supresi\u00f3n cuando, entre otros motivos, los datos ya no sean necesarios para los fines para los que fueron recogidos. En determinadas circunstancias, podr\u00e1 solicitar la limitaci\u00f3n del tratamiento de sus datos. En tal caso, s\u00f3lo trataremos los datos afectados para la formulaci\u00f3n, el ejercicio o la defensa de reclamaciones o con miras a la protecci\u00f3n de los derechos de otras personas.\t<\/p>\n<p>En determinadas condiciones y por motivos relacionados con su situaci\u00f3n particular, podr\u00e1 igualmente oponerse al tratamiento de sus datos. En este caso dejaremos de tratar los datos, salvo por motivos leg\u00edtimos imperiosos que prevalezcan sobre sus intereses o derechos y libertades, o para la formulaci\u00f3n, el ejercicio o la defensa de reclamaciones.\t<\/p>\n<p>Puede revocar el consentimiento que hubiese prestado para determinadas finalidades, sin que ello afecte a la licitud del tratamiento basado en el consentimiento previo a su retirada. <\/p>\n<p>As\u00ed mismo y bajo ciertas condiciones podr\u00e1 solicitar la portabilidad de sus datos para que sean transmitidos a otro responsable del tratamiento.<\/p>\n<p>Tiene igualmente derecho a presentar una reclamaci\u00f3n ante la Agencia Espa\u00f1ola de Protecci\u00f3n de Datos o cualquier otra autoridad de control competente. Puede consultar el listado y los datos de contacto de las agencias de protecci\u00f3n de datos europeas en la web de la Comisi\u00f3n Europea en http:\/\/ec.europa.eu\/newsroom\/article29\/item-detail.cfm?item_id=612080. <\/p>\n<p>Si bien no se toman decisiones individualizadas automatizadas que produzcan efectos jur\u00eddicos sobre nuestros Colegiados le informamos de su derecho a oponerse a la adopci\u00f3n de tales decisiones de acuerdo con lo previsto en el art\u00edculo 22 del Reglamento (UE) 2016\/679.<\/p>\n<p>Para ejercer sus derechos deber\u00e1 remitirnos una solicitud por correo postal o electr\u00f3nico a las direcciones indicadas en el apartado \u00bfQui\u00e9n es el responsable del tratamiento de sus datos?\t<\/p>\n<p>Podr\u00e1 obtener m\u00e1s informaci\u00f3n sobre sus derechos y c\u00f3mo ejercerlos en la p\u00e1gina de la Agencia Espa\u00f1ola de Protecci\u00f3n de Datos en www.aepd.es.<\/p>\n<\/div><\/div><\/div><\/div><\/div>\n","protected":false},"excerpt":{"rendered":"","protected":false},"author":1,"featured_media":0,"parent":0,"menu_order":8,"comment_status":"closed","ping_status":"closed","template":"","meta":{"footnotes":""},"categories":[],"tags":[],"class_list":["post-37627","page","type-page","status-publish","hentry"],"_links":{"self":[{"href":"https:\/\/www.icaib.org\/ca\/wp-json\/wp\/v2\/pages\/37627","targetHints":{"allow":["GET"]}}],"collection":[{"href":"https:\/\/www.icaib.org\/ca\/wp-json\/wp\/v2\/pages"}],"about":[{"href":"https:\/\/www.icaib.org\/ca\/wp-json\/wp\/v2\/types\/page"}],"author":[{"embeddable":true,"href":"https:\/\/www.icaib.org\/ca\/wp-json\/wp\/v2\/users\/1"}],"replies":[{"embeddable":true,"href":"https:\/\/www.icaib.org\/ca\/wp-json\/wp\/v2\/comments?post=37627"}],"version-history":[{"count":1,"href":"https:\/\/www.icaib.org\/ca\/wp-json\/wp\/v2\/pages\/37627\/revisions"}],"predecessor-version":[{"id":284001,"href":"https:\/\/www.icaib.org\/ca\/wp-json\/wp\/v2\/pages\/37627\/revisions\/284001"}],"wp:attachment":[{"href":"https:\/\/www.icaib.org\/ca\/wp-json\/wp\/v2\/media?parent=37627"}],"wp:term":[{"taxonomy":"category","embeddable":true,"href":"https:\/\/www.icaib.org\/ca\/wp-json\/wp\/v2\/categories?post=37627"},{"taxonomy":"post_tag","embeddable":true,"href":"https:\/\/www.icaib.org\/ca\/wp-json\/wp\/v2\/tags?post=37627"}],"curies":[{"name":"wp","href":"https:\/\/api.w.org\/{rel}","templated":true}]}}