{"id":37775,"date":"2018-06-22T08:44:12","date_gmt":"2018-06-22T06:44:12","guid":{"rendered":"https:\/\/www.icaib.org\/?page_id=37775"},"modified":"2024-08-26T09:45:56","modified_gmt":"2024-08-26T07:45:56","slug":"comissio-dadvocats-per-a-la-defensa-dels-drets-dels-animals","status":"publish","type":"page","link":"https:\/\/www.icaib.org\/ca\/comissio-dadvocats-per-a-la-defensa-dels-drets-dels-animals\/","title":{"rendered":"Comissi\u00f3 d\u2019Advocats per a la defensa dels Drets dels Animals"},"content":{"rendered":"<div class=\"fusion-fullwidth fullwidth-box fusion-builder-row-1 fusion-flex-container nonhundred-percent-fullwidth non-hundred-percent-height-scrolling\" style=\"--awb-border-radius-top-left:0px;--awb-border-radius-top-right:0px;--awb-border-radius-bottom-right:0px;--awb-border-radius-bottom-left:0px;--awb-flex-wrap:wrap;\" ><div class=\"fusion-builder-row fusion-row fusion-flex-align-items-flex-start fusion-flex-content-wrap\" style=\"max-width:1456px;margin-left: calc(-4% \/ 2 );margin-right: calc(-4% \/ 2 );\"><div class=\"fusion-layout-column fusion_builder_column fusion-builder-column-0 fusion_builder_column_1_1 1_1 fusion-flex-column\" style=\"--awb-bg-blend:overlay;--awb-bg-size:cover;--awb-width-large:100%;--awb-margin-top-large:0px;--awb-spacing-right-large:1.92%;--awb-margin-bottom-large:0px;--awb-spacing-left-large:1.92%;--awb-width-medium:100%;--awb-spacing-right-medium:1.92%;--awb-spacing-left-medium:1.92%;--awb-width-small:100%;--awb-spacing-right-small:1.92%;--awb-spacing-left-small:1.92%;\"><div class=\"fusion-column-wrapper fusion-flex-justify-content-flex-start fusion-content-layout-column\"><div class=\"fusion-text fusion-text-1\"><p>El SOJMA es un servicio de orientaci\u00f3n jur\u00eddica gratuita, exclusivo y espec\u00edfico para casos de posible maltrato animal (SOJMA), en el que los ciudadanos, asociaciones o instituciones que crean tener conocimiento de posibles pr\u00e1cticas de malos tratos o trato degradante a animales puedan recibir una primera orientaci\u00f3n sobre las medidas que se pueden adoptar y\/o las herramientas de denuncia existentes actualmente.<\/p>\n<p>El servicio, que es atendido de forma voluntaria y altruista, y de modo rotatorio, por letrados de la Secci\u00f3n de Defensa de los Derechos de los Animales del ICAIB, se presta el primer viernes de cada mes, de 10:00 a 12:00 horas, en la sede del ICAIB Palma (La Rambla, 10) y funciona mediante el sistema de cita previa, que se puede reservar enviando este formulario web <a href=\"https:\/\/www.icaib.org\/abogados\/secciones-y-comisiones\/sojma\/\">https:\/\/www.icaib.org\/abogados\/secciones-y-comisiones\/sojma\/<\/a> o bien llamando en horario laboral (de lunes a viernes, de 8 a 15 horas) al tel\u00e9fono 971.179.400 \u2013 extensi\u00f3n 1004.<\/p>\n<p>La finalidad del SOJMA es proporcionar a los usuarios una primera orientaci\u00f3n legal para informar sobre la viabilidad de la pretensi\u00f3n y las diferentes opciones judiciales o extrajudiciales existentes para la defensa de los derechos de los animales supuestamente maltratados. No obstante, es importante tener en cuenta que la realizaci\u00f3n de la consulta no dar\u00e1 derecho, en ning\u00fan caso, a solicitar el beneficio de la justicia gratuita y que quedan excluidos del nuevo servicio la redacci\u00f3n o elaboraci\u00f3n de cualquier documento; la tramitaci\u00f3n, judicial o no, del asunto planteado; as\u00ed como la obtenci\u00f3n de una opini\u00f3n fundada en derecho sobre el fondo de las cuestiones planteadas\u201d.<\/p>\n<p><strong>\u00a0<\/strong><\/p>\n<p><strong>Presidente:<\/strong> Mart\u00edn L. Ale\u00f1ar Feliu<\/p>\n<p><strong>Coordinador:<\/strong> Manuel Molina Dom\u00ednguez<br \/><strong>Vocal:<\/strong> Maria Helena Caba\u00f1ero Ponce<br \/><strong>Vocal:<\/strong> Yolanda Marroig Pons<br \/><strong>Vocal:<\/strong> Salom\u00e9 Zanoguera Molinero<br \/><strong>Vocal:<\/strong> Carmen Baiget Montis<\/p>\n<p>ALAJARIN MESTRE, ANTONIA MERC\u00c8<\/p>\n<p><span style=\"color: var(--awb-text-color); font-family: var(--awb-text-font-family); font-size: var(--awb-font-size); font-style: var(--awb-text-font-style); font-weight: var(--awb-text-font-weight); letter-spacing: var(--awb-letter-spacing); text-transform: var(--awb-text-transform); background-color: var(--awb-bg-color-hover);\">ALBERTI AMENGUAL, MIGUEL<\/span><\/p>\n<p>ARBONA COLOM, MARIA ANTONIA<br \/>BARCELO BRUYEL, CARMEN<br \/>BORRAS RODRIGUEZ, MIGUEL VICENTE<br \/>CERDA PIEDRA, MIGUEL<br \/>FERNANDEZ CORDERO, FRANCISCA<br \/>FERNANDEZ DEL CASTILLO, BEATRIZ<br \/>GARCIAS DE ESPA\u00d1A, EUGENIA<br \/>GARCIAS VIDAL, BERNARDO<br \/>GENE CORT, LAURA<br \/>GINARD NICOLAU, MARIA LUISA<br \/>LINARES LLABRES, MARIA NEUS<br \/>LOZANO FERNANDEZ, ANA MARIA<br \/>MOYA QUINTERO, ANTONIO<br \/>NU\u00d1EZ LANUZA, VIRGINIA<br \/>ROA RUIZ, IGNACIO MARIA<br \/>SERRA CREUS, MARGALIDA<br \/>VADILLO GARCIA, PATRICIA MARIA<br \/>VERDAGUER AGUILO, JOSEFA<br \/>CARDONA FERRAGUT, MARIA DEL CARMEN<br \/>ECKHARDT FRANCES, ALEXANDRA<br \/>FULLANA RIVAS, MARIA DEL PILAR<br \/>MAYRATA FIOL, MARIA MONTSERRAT<br \/>MAZORRIAGA LAS HAYAS, ROBERTO<br \/>SEDANO SINTES, PABLO MANUEL<br \/>TORRES OLIVER, LAURA<\/p>\n<a href='https:\/\/www.icaib.org\/abogados\/secciones-y-comisiones\/sojma\/' target='_blank'>\n                <i class='fas fa-link'><\/i> \n                <strong>P\u00e1gina SOJMA<\/strong>\n            <\/a><br\/>\n<\/div><\/div><\/div><\/div><\/div>\n","protected":false},"excerpt":{"rendered":"","protected":false},"author":1,"featured_media":0,"parent":0,"menu_order":200,"comment_status":"closed","ping_status":"closed","template":"","meta":{"footnotes":""},"categories":[],"tags":[],"class_list":["post-37775","page","type-page","status-publish","hentry"],"_links":{"self":[{"href":"https:\/\/www.icaib.org\/ca\/wp-json\/wp\/v2\/pages\/37775","targetHints":{"allow":["GET"]}}],"collection":[{"href":"https:\/\/www.icaib.org\/ca\/wp-json\/wp\/v2\/pages"}],"about":[{"href":"https:\/\/www.icaib.org\/ca\/wp-json\/wp\/v2\/types\/page"}],"author":[{"embeddable":true,"href":"https:\/\/www.icaib.org\/ca\/wp-json\/wp\/v2\/users\/1"}],"replies":[{"embeddable":true,"href":"https:\/\/www.icaib.org\/ca\/wp-json\/wp\/v2\/comments?post=37775"}],"version-history":[{"count":0,"href":"https:\/\/www.icaib.org\/ca\/wp-json\/wp\/v2\/pages\/37775\/revisions"}],"wp:attachment":[{"href":"https:\/\/www.icaib.org\/ca\/wp-json\/wp\/v2\/media?parent=37775"}],"wp:term":[{"taxonomy":"category","embeddable":true,"href":"https:\/\/www.icaib.org\/ca\/wp-json\/wp\/v2\/categories?post=37775"},{"taxonomy":"post_tag","embeddable":true,"href":"https:\/\/www.icaib.org\/ca\/wp-json\/wp\/v2\/tags?post=37775"}],"curies":[{"name":"wp","href":"https:\/\/api.w.org\/{rel}","templated":true}]}}